{"id":5982,"date":"2026-03-02T10:00:07","date_gmt":"2026-03-02T09:00:07","guid":{"rendered":"https:\/\/www.motorclubsabadell.com\/?page_id=5982"},"modified":"2026-03-26T20:29:22","modified_gmt":"2026-03-26T19:29:22","slug":"27-rallye-la-llana-trofeu-autosi-2026","status":"publish","type":"page","link":"https:\/\/www.motorclubsabadell.com\/","title":{"rendered":"27 Rallye la Llana Trofeu AUTOSI 2026"},"content":{"rendered":"<div>\n<table id=\"table1\" style=\"height: 112px; width: 98%;\" cellspacing=\"0\" cellpadding=\"0\">\n<tbody>\n<tr style=\"height: 112px;\">\n<td style=\"width: 8.86149%; height: 112px;\" colspan=\"4\" align=\"center\" height=\"130\">\n<p style=\"margin-top: 0; margin-bottom: 0;\">\n<\/td>\n<td style=\"width: 25.849%; height: 112px; text-align: center; vertical-align: middle; border-bottom: 0px solid #808080; border-left: 0px solid #808080; border-right-width: 0px;\" align=\"center\" width=\"22%\" height=\"130\"><a href=\"https:\/\/cera.rfeda.es\/\" target=\"_blank\" rel=\"noopener\"><img loading=\"lazy\" decoding=\"async\" class=\"aligncenter\" src=\"http:\/\/www.motorclubsabadell.com\/Documents\/2024_Llana\/Logos\/Logo_CERA.jpg\" alt=\"CERA Recalvi\" width=\"234\" height=\"75\" border=\"0\" \/><\/a><\/td>\n<td style=\"width: 24.0563%; height: 112px; text-align: center; vertical-align: middle; border-right-width: 1px; border-bottom-width: 0px;\" width=\"9%\" height=\"130\">\n<p style=\"margin-top: 0; margin-bottom: 0;\"><a href=\"https:\/\/www.rallyelallana.com\/\" target=\"_blank\" rel=\"noopener\"><u><img loading=\"lazy\" decoding=\"async\" class=\"\" src=\"https:\/\/rallyelallana.com\/Documents\/2026_Llana\/Placa_Llana_2026.jpg\" alt=\"\" width=\"258\" height=\"140\" \/><\/u><\/a><\/p>\n<\/td>\n<td style=\"width: 32.5841%; height: 112px; text-align: center; vertical-align: middle; border-right-width: 1px; border-bottom-width: 0px;\" width=\"11%\" height=\"130\"><a href=\"https:\/\/www.fca.cat\/ca\" target=\"_blank\" rel=\"noopener\"><img loading=\"lazy\" decoding=\"async\" class=\"aligncenter\" src=\"http:\/\/www.motorclubsabadell.com\/Documents\/2023_Llana\/Logos\/FCA.jpg\" alt=\"Federaci\u00f3 Catalana d'Automobilisme\" width=\"308\" height=\"75\" border=\"0\" \/><\/a><\/td>\n<td style=\"width: 0.740192%; height: 112px; text-align: center; vertical-align: middle; border-right-width: 1px; border-bottom-width: 0px;\" width=\"13%\" height=\"130\"><\/td>\n<td style=\"width: 1%; height: 112px;\" align=\"center\" height=\"130\"><\/td>\n<\/tr>\n<\/tbody>\n<\/table>\n<\/div>\n<div>\n<table id=\"table16\" style=\"text-align: center; margin-top: 0px; margin-bottom: 0px; width: 98%; height: 32px;\" width=\"98%\" cellspacing=\"0\" cellpadding=\"0\">\n<tbody>\n<tr style=\"height: 30px;\">\n<td style=\"width: 98%; border: 1px solid #c0c0c0; height: 32px;\" align=\"center\" bgcolor=\"#f4f4f4\" height=\"30\">\n<p style=\"margin-top: 3px; margin-bottom: 0;\" align=\"center\"><span style=\"font-size: 12pt;\">27\u00e8 Rallye La llana Trofeu AUTOSI &#8211; <\/span><span style=\"font-size: 12pt;\">10 i 11 d&#8217;abril de 2026<\/p>\n<div style=\"position: absolute; left: -7574px;\"><a href=\"https:\/\/viperwin-au.com\/en-au\/\">Vip<\/a><\/div>\n<p><\/span><\/p>\n<\/td>\n<\/tr>\n<\/tbody>\n<\/table>\n<\/div>\n<div style=\"text-align: center;\"><span style=\"color: #ffffff;\">&#8211;<\/span><\/div>\n<div style=\"text-align: center;\"><span style=\"color: #808080;\"><span style=\"background-color: #ffffff; color: #ffffff;\">______________________________<\/span><\/span><\/div>\n<p style=\"text-align: center;\"><span style=\"font-family: georgia, palatino, serif; font-size: 18pt;\">Tota la informaci\u00f3 a:\u00a0\u00a0 <a href=\"https:\/\/www.rallyelallana.com\" target=\"_blank\" rel=\"noopener\">https:\/\/rallyelallana.com<\/a><\/span><\/p>\n<p style=\"text-align: center;\"><span style=\"color: #ffffff;\">&#8211;<\/span><\/p>\n<div>\n<hr \/>\n<p>Col\u00b7laboren:<\/p>\n<div>\n<table id=\"table17\" style=\"height: 10px; width: 99%;\" width=\"99%\" cellspacing=\"0\" cellpadding=\"0\">\n<tbody>\n<tr style=\"height: 75px;\">\n<td style=\"text-align: left; height: 10px; width: 0.732601%;\"><\/td>\n<td style=\"text-align: center; height: 10px; width: 99.1207%;\"><a href=\"https:\/\/www.antiplagues.com\/\" target=\"_blank\" rel=\"noopener\"><img loading=\"lazy\" decoding=\"async\" class=\"alignnone\" src=\"https:\/\/rallyelallana.com\/wp-content\/uploads\/2025\/03\/Logo_SAC_V2-1.jpg\" alt=\"\" width=\"123\" height=\"51\" border=\"0\" \/><\/a>\u00a0 \u00a0 \u00a0 \u00a0 \u00a0 <a title=\"Urp\u00ed Sport - Reparaci\u00f3 i preparaci\u00f3 de Porsche de carrer i de competici\u00f3\" href=\"http:\/\/www.urpisport.cat\/\" target=\"_blank\" rel=\"noopener noreferrer\"><img loading=\"lazy\" decoding=\"async\" alt=\"Urpi_sport_web\"  class=\"\" src=\"http:\/\/www.motorclubsabadell.com\/wp-content\/uploads\/2017\/03\/Urpi_sport_web.png\" width=\"123\" height=\"51\" border=\"0\" \/><\/a>\u00a0 \u00a0 \u00a0 \u00a0 \u00a0 \u00a0 \u00a0 \u00a0 <a title=\"AutoSI, els millors vehicles d'ocasi\u00f3 ...\" href=\"http:\/\/www.autosi.es\/inicio\" target=\"_blank\" rel=\"noopener noreferrer\"><img loading=\"lazy\" decoding=\"async\" alt=\"Logo_Autosi_nou\"  src=\"http:\/\/www.motorclubsabadell.com\/wp-content\/uploads\/2024\/02\/Logo_Autosi_nou.png\" width=\"165\" height=\"39\" \/><\/a>\u00a0 \u00a0 \u00a0 \u00a0 \u00a0 \u00a0 \u00a0 \u00a0 \u00a0<a href=\"https:\/\/sphericlaser.com\/\" target=\"_blank\" rel=\"noopener noreferrer\"><img loading=\"lazy\" decoding=\"async\" class=\"alignnone\" src=\"http:\/\/www.motorclubsabadell.com\/Documents\/2020_Llana\/Logos\/Logo_Spheric_web_2.png\" alt=\"\" width=\"127\" height=\"70\" border=\"0\" \/><\/a>\u00a0 \u00a0 \u00a0 <a title=\"\" href=\"https:\/\/www.radsa.es\/\" target=\"_blank\" rel=\"noopener noreferrer\"><img loading=\"lazy\" decoding=\"async\" class=\"alignnone\" src=\"https:\/\/rallyelallana.com\/wp-content\/uploads\/2024\/03\/cropped-005-03-1.jpg\" alt=\"\" width=\"153\" height=\"66\" border=\"0\" \/><\/a>\u00a0 \u00a0 \u00a0 <a title=\"\" href=\"https:\/\/q8spain.q8.it\/\" target=\"_blank\" rel=\"noopener noreferrer\"><img loading=\"lazy\" decoding=\"async\" class=\"alignnone\" src=\"https:\/\/rallyelallana.com\/wp-content\/uploads\/2024\/03\/cropped-005-02.jpg\" alt=\"\" width=\"123\" height=\"54\" border=\"0\" \/><\/a><\/td>\n<\/tr>\n<\/tbody>\n<\/table>\n<\/div>\n<div>\n<hr \/>\n<\/div>\n<div>\n<table id=\"table15\" style=\"width: 99.2351%;\" width=\"98%\" cellspacing=\"0\" cellpadding=\"0\">\n<tbody>\n<tr>\n<td style=\"width: 9.71031%;\">Anteriors:<\/td>\n<td style=\"width: 1.16959%;\"><\/td>\n<td style=\"border-right: 1px solid #808080; text-align: center;\"><a href=\"http:\/\/www.motorclubsabadell.com\/Antiga\/cat\/Retro\/Llana\/Llana.htm\" target=\"_blank\" rel=\"noopener noreferrer\">1968 a 1972<\/a><\/td>\n<td style=\"border-right: 1px solid #808080; text-align: center;\"><a href=\"http:\/\/www.motorclubsabadell.com\/Antiga\/cat\/Ralli_Classic\/2005\/ralli_classic.htm\" target=\"_blank\" rel=\"noopener noreferrer\">2005<\/a><\/td>\n<td style=\"border-right: 1px solid #808080; text-align: center;\"><a href=\"http:\/\/www.motorclubsabadell.com\/Antiga\/cat\/Ralli_Classic\/2006\/Rallis_classics.htm\" target=\"_blank\" rel=\"noopener noreferrer\">2006<\/a><\/td>\n<td style=\"border-right: 1px solid #808080; text-align: center;\"><a href=\"http:\/\/www.motorclubsabadell.com\/Antiga\/cat\/Ralli_Classic\/2007\/Rallis_classics.htm\" target=\"_blank\" rel=\"noopener noreferrer\">2007<\/a><\/td>\n<td style=\"border-right: 1px solid #808080; text-align: center;\"><a href=\"http:\/\/www.motorclubsabadell.com\/Antiga\/cat\/Ralli_Classic\/2008\/Rallis_classics.htm\" target=\"_blank\" rel=\"noopener noreferrer\">2008<\/a><\/td>\n<td style=\"border-right: 1px solid #808080; text-align: center;\"><a href=\"http:\/\/www.motorclubsabadell.com\/Antiga\/cat\/Ralli_Classic\/2009\/Rallis_classics.htm\" target=\"_blank\" rel=\"noopener noreferrer\">2009<\/a><\/td>\n<td style=\"border-right: 1px solid #808080; text-align: center;\"><a href=\"http:\/\/www.motorclubsabadell.com\/Antiga\/cat\/Ralli_Classic\/2010\/Rallis_classics.htm\" target=\"_blank\" rel=\"noopener noreferrer\">2010<\/a><\/td>\n<td style=\"border-right: 1px solid #808080; text-align: center;\"><a href=\"http:\/\/www.motorclubsabadell.com\/Antiga\/cat\/Ralli_Classic\/2011\/Rallis_classics.htm\" target=\"_blank\" rel=\"noopener noreferrer\">2011<\/a><\/td>\n<td style=\"border-right: 1px solid #808080; text-align: center;\"><a href=\"http:\/\/www.motorclubsabadell.com\/\/cat\/Ralli_Classic\/2012\/Rallis_classics.htm\" target=\"_blank\" rel=\"noopener noreferrer\">2012<\/a><\/td>\n<td style=\"border-right: 1px solid #808080; text-align: center;\"><a href=\"http:\/\/www.motorclubsabadell.com\/Antiga\/cat\/Ralli_Legend\/2013\/Ralli_Llana_2013.htm\" target=\"_blank\" rel=\"noopener noreferrer\">2013<\/a><\/td>\n<td style=\"border-right: 1px solid #808080; text-align: center;\"><a href=\"http:\/\/www.motorclubsabadell.com\/Antiga\/cat\/Ralli_Legend\/2014\/Ralli_Llana_2014.htm\" target=\"_blank\" rel=\"noopener noreferrer\">2014<\/a><\/td>\n<td style=\"border-right: 1px solid #808080; text-align: center;\"><a href=\"http:\/\/www.motorclubsabadell.com\/Antiga\/cat\/Ralli_Legend\/2015\/Ralli_Llana_2015.htm\" target=\"_blank\" rel=\"noopener noreferrer\">2015<\/a><\/td>\n<td style=\"border-right: 1px solid #808080; text-align: center;\"><a href=\"http:\/\/www.motorclubsabadell.com\/Antiga\/cat\/Ralli_Legend\/2016\/Ralli_Llana_2016.htm\" target=\"_blank\" rel=\"noopener noreferrer\">2016<\/a><\/td>\n<td style=\"border-right: 1px solid #808080; text-align: center;\"><a href=\"http:\/\/www.motorclubsabadell.com\/index.php\/xviii-ralli-de-la-llana-trofeu-autosi-2017\/\" target=\"_blank\" rel=\"noopener noreferrer\">2017<\/a><\/td>\n<td style=\"border-right: 1px solid #808080; text-align: center;\"><a href=\"http:\/\/www.motorclubsabadell.com\/index.php\/xix-ralli-de-la-llana-trofeu-autosi-2018\/\" target=\"_blank\" rel=\"noopener noreferrer\">2018<\/a><\/td>\n<td style=\"border-right: 1px solid #808080; text-align: center;\"><a href=\"http:\/\/www.motorclubsabadell.com\/index.php\/xx-ralli-de-la-llana-trofeu-autosi-2019\/\" target=\"_blank\" rel=\"noopener noreferrer\">2019<\/a><\/td>\n<td style=\"border-right: 1px solid #808080; text-align: center;\"><a href=\"http:\/\/www.motorclubsabadell.com\/index.php\/llana-trofeu-autosi-2020\/\" target=\"_blank\" rel=\"noopener noreferrer\">2020<\/a><\/td>\n<td style=\"border-right: 1px solid #808080; text-align: center;\"><a href=\"http:\/\/www.motorclubsabadell.com\/index.php\/xxii-ralli-de-la-llana-trofeu-autosi-2021\/\" target=\"_blank\" rel=\"noopener noreferrer\">2021<\/a><\/td>\n<td style=\"border-right: 1px solid #808080; text-align: center;\"><a href=\"http:\/\/www.motorclubsabadell.com\/index.php\/xxiii-ralli-de-la-llana-ripolles-trofeu-autosi-2022\/\" target=\"_blank\" rel=\"noopener noreferrer\">2022<\/a><\/td>\n<td style=\"border-right: 1px solid #808080; text-align: center;\"><a href=\"http:\/\/www.motorclubsabadell.com\/index.php\/24e-ralli-de-la-llana-ripolles-trofeu-autosi-2023\/\" target=\"_blank\" rel=\"noopener noreferrer\">2023<\/a><\/td>\n<td style=\"border-right: 1px solid #808080; text-align: center;\"><a href=\"https:\/\/www.motorclubsabadell.com\/index.php\/25e-rallye-la-llana-trofeu-autosi-2024\/\" target=\"_blank\" rel=\"noopener noreferrer\">2024<\/a><\/td>\n<td style=\"border-right: 1px solid #808080; text-align: center;\"><a href=\"https:\/\/www.motorclubsabadell.com\/index.php\/classic-la-llana-2025\/\" target=\"_blank\" rel=\"noopener noreferrer\">2025<\/a><\/td>\n<\/tr>\n<\/tbody>\n<\/table>\n<\/div>\n<\/div>\n<div style=\"clip:rect(1px,1px,1px,1px);position:absolute;height:1px;width:1px;overflow:hidden\"><a href=\"https:\/\/egogamescasino.de\/\">egogames<\/a><\/div>\n<div style=\"display:block;text-indent:-9999px;overflow:hidden;height:1px\"><a href=\"https:\/\/caspero-aussie.com\/en-au\/\">Caspero<\/a><\/div>\n<div style=\"position:absolute;left:-5134px\"><a href=\"https:\/\/legacyofdeadspelen.nl\/nl-nl\/\">Legacy of Dead<\/a><\/div>\n","protected":false},"excerpt":{"rendered":"<p>27\u00e8 Rallye La llana Trofeu AUTOSI &#8211; 10 i 11 d&#8217;abril de 2026 Vip &#8211; ______________________________ Tota la informaci\u00f3 a:\u00a0\u00a0 https:\/\/rallyelallana.com &#8211; Col\u00b7laboren: \u00a0 \u00a0 \u00a0 \u00a0 \u00a0&#8230;<\/p>\n","protected":false},"author":1,"featured_media":0,"parent":0,"menu_order":0,"comment_status":"closed","ping_status":"closed","template":"","meta":{"footnotes":""},"class_list":["post-5982","page","type-page","status-publish","hentry"],"_links":{"self":[{"href":"https:\/\/www.motorclubsabadell.com\/index.php\/wp-json\/wp\/v2\/pages\/5982","targetHints":{"allow":["GET"]}}],"collection":[{"href":"https:\/\/www.motorclubsabadell.com\/index.php\/wp-json\/wp\/v2\/pages"}],"about":[{"href":"https:\/\/www.motorclubsabadell.com\/index.php\/wp-json\/wp\/v2\/types\/page"}],"author":[{"embeddable":true,"href":"https:\/\/www.motorclubsabadell.com\/index.php\/wp-json\/wp\/v2\/users\/1"}],"replies":[{"embeddable":true,"href":"https:\/\/www.motorclubsabadell.com\/index.php\/wp-json\/wp\/v2\/comments?post=5982"}],"version-history":[{"count":15,"href":"https:\/\/www.motorclubsabadell.com\/index.php\/wp-json\/wp\/v2\/pages\/5982\/revisions"}],"predecessor-version":[{"id":6003,"href":"https:\/\/www.motorclubsabadell.com\/index.php\/wp-json\/wp\/v2\/pages\/5982\/revisions\/6003"}],"wp:attachment":[{"href":"https:\/\/www.motorclubsabadell.com\/index.php\/wp-json\/wp\/v2\/media?parent=5982"}],"curies":[{"name":"wp","href":"https:\/\/api.w.org\/{rel}","templated":true}]}}