{"id":5887,"date":"2025-10-10T10:34:19","date_gmt":"2025-10-10T08:34:19","guid":{"rendered":"https:\/\/www.motorclubsabadell.com\/?page_id=5887"},"modified":"2025-11-17T10:31:54","modified_gmt":"2025-11-17T09:31:54","slug":"ronda-la-llana-15-11-2025","status":"publish","type":"page","link":"https:\/\/www.motorclubsabadell.com\/index.php\/ronda-la-llana-15-11-2025\/","title":{"rendered":"Ronda La Llana 2025 &#8211; 15\/11\/2025"},"content":{"rendered":"<p><img loading=\"lazy\" decoding=\"async\" class=\"alignnone size-full wp-image-5886\" src=\"http:\/\/www.motorclubsabadell.com\/wp-content\/uploads\/2025\/10\/Ronda_Llana_2025_web.jpg\" alt=\"\" width=\"1377\" height=\"458\" srcset=\"https:\/\/www.motorclubsabadell.com\/wp-content\/uploads\/2025\/10\/Ronda_Llana_2025_web.jpg 1377w, https:\/\/www.motorclubsabadell.com\/wp-content\/uploads\/2025\/10\/Ronda_Llana_2025_web-300x100.jpg 300w, https:\/\/www.motorclubsabadell.com\/wp-content\/uploads\/2025\/10\/Ronda_Llana_2025_web-1024x341.jpg 1024w, https:\/\/www.motorclubsabadell.com\/wp-content\/uploads\/2025\/10\/Ronda_Llana_2025_web-768x255.jpg 768w, https:\/\/www.motorclubsabadell.com\/wp-content\/uploads\/2025\/10\/Ronda_Llana_2025_web-100x33.jpg 100w, https:\/\/www.motorclubsabadell.com\/wp-content\/uploads\/2025\/10\/Ronda_Llana_2025_web-1000x333.jpg 1000w, https:\/\/www.motorclubsabadell.com\/wp-content\/uploads\/2025\/10\/Ronda_Llana_2025_web-600x200.jpg 600w\" sizes=\"auto, (max-width: 1377px) 100vw, 1377px\" \/><\/p>\n<p>El Motor Club Sabadell organitza pel proper <strong>dissabte dia 15\/11\/2025<\/strong> la tercera &#8220;Ronda La Llana&#8221;, dins del Rondamoto 2025.<\/p>\n<p>La &#8220;RONDA LA LLANA&#8221; NO \u00c9S UNA COMPETICI\u00d3, \u00e9s una sortida tur\u00edstica per al descobriment de les carreteres i paisatges de la comarca.<\/p>\n<p>Galeria de fotos: <span style=\"color: #3366ff;\"><a style=\"color: #3366ff;\" href=\"https:\/\/rondamoto.com\/publiquem-les-fotos-oficials-de-la-ronda-la-llana-2025\/\" target=\"_blank\" rel=\"noopener\">Feu clic aqu\u00ed<\/a><\/span><\/p>\n<p>Taulell i informaci\u00f3 NoBo: <img loading=\"lazy\" decoding=\"async\" class=\"alignnone wp-image-5224\" src=\"http:\/\/www.motorclubsabadell.com\/wp-content\/uploads\/2024\/02\/Logo_NoBo.jpg\" alt=\"\" width=\"35\" height=\"35\" srcset=\"https:\/\/www.motorclubsabadell.com\/wp-content\/uploads\/2024\/02\/Logo_NoBo.jpg 240w, https:\/\/www.motorclubsabadell.com\/wp-content\/uploads\/2024\/02\/Logo_NoBo-150x150.jpg 150w, https:\/\/www.motorclubsabadell.com\/wp-content\/uploads\/2024\/02\/Logo_NoBo-100x100.jpg 100w\" sizes=\"auto, (max-width: 35px) 100vw, 35px\" \/><\/p>\n<p><iframe loading=\"lazy\" src=\"https:\/\/app.nobo.events\/p\/e\/01K7CMV43QX4F1S22JM2DDREPT?iframe=true\" name=\"NoBo\" width=\"780\" height=\"500\"><span data-mce-type=\"bookmark\" style=\"display: inline-block; width: 0px; overflow: hidden; line-height: 0;\" class=\"mce_SELRES_start\">\ufeff<\/span><span data-mce-type=\"bookmark\" style=\"display: inline-block; width: 0px; overflow: hidden; line-height: 0;\" class=\"mce_SELRES_start\">\ufeff<\/span><span data-mce-type=\"bookmark\" style=\"display: inline-block; width: 0px; overflow: hidden; line-height: 0;\" class=\"mce_SELRES_start\">\ufeff<\/span><\/iframe><\/p>\n<p>&#8212;&gt; <span style=\"color: #808080;\">Descarregar APP gratu\u00efta NoBo pel m\u00f2bil:<\/span>\u00a0 \u00a0 <a href=\"https:\/\/play.google.com\/store\/apps\/details?id=events.nobo.app&amp;hl=ca&amp;gl=US&amp;pli=1\" target=\"_blank\" rel=\"noopener\">Android<\/a>\u00a0 \u00a0 <a href=\"https:\/\/apps.apple.com\/es\/app\/nobo-app\/id6472820598\" target=\"_blank\" rel=\"noopener\">Apple<\/a><\/p>\n<hr \/>\n<p style=\"text-align: center;\">\u00a0 \u00a0 \u00a0 \u00a0 \u00a0 \u00a0 \u00a0 <a href=\"https:\/\/www.vallescarmoto.com\/\"><img loading=\"lazy\" decoding=\"async\" class=\"alignnone wp-image-5937\" src=\"http:\/\/www.motorclubsabadell.com\/wp-content\/uploads\/2025\/11\/Logo_Ronda_Llana.png\" alt=\"\" width=\"377\" height=\"168\" srcset=\"https:\/\/www.motorclubsabadell.com\/wp-content\/uploads\/2025\/11\/Logo_Ronda_Llana.png 460w, https:\/\/www.motorclubsabadell.com\/wp-content\/uploads\/2025\/11\/Logo_Ronda_Llana-300x134.png 300w, https:\/\/www.motorclubsabadell.com\/wp-content\/uploads\/2025\/11\/Logo_Ronda_Llana-100x45.png 100w\" sizes=\"auto, (max-width: 377px) 100vw, 377px\" \/><\/a>\u00a0 \u00a0 \u00a0 \u00a0\u00a0<a href=\"https:\/\/web.sabadell.cat\/\" target=\"_blank\" rel=\"noopener\"><img loading=\"lazy\" decoding=\"async\" class=\"alignnone wp-image-5487 size-full\" src=\"http:\/\/www.motorclubsabadell.com\/wp-content\/uploads\/2024\/10\/AAj_Sabadell.jpg\" alt=\"Ajuntament de Sabadell\" width=\"229\" height=\"100\" \/><\/a><\/p>\n<hr \/>\n<p>V\u00eddeo 2023:<br \/>\n<iframe loading=\"lazy\" title=\"YouTube video player\" src=\"https:\/\/www.youtube.com\/embed\/IIYAPNDgJcg?si=dLb_mkv47op5FKFj\" width=\"560\" height=\"315\" frameborder=\"0\" allowfullscreen=\"allowfullscreen\"><\/iframe><\/p>\n<hr \/>\n<p>La Junta<\/p>\n","protected":false},"excerpt":{"rendered":"<p>El Motor Club Sabadell organitza pel proper dissabte dia 15\/11\/2025 la tercera &#8220;Ronda La Llana&#8221;, dins del Rondamoto 2025. La &#8220;RONDA LA LLANA&#8221; NO \u00c9S UNA COMPETICI\u00d3, \u00e9s&#8230;<\/p>\n","protected":false},"author":1,"featured_media":0,"parent":0,"menu_order":0,"comment_status":"closed","ping_status":"closed","template":"","meta":{"footnotes":""},"class_list":["post-5887","page","type-page","status-publish","hentry"],"_links":{"self":[{"href":"https:\/\/www.motorclubsabadell.com\/index.php\/wp-json\/wp\/v2\/pages\/5887","targetHints":{"allow":["GET"]}}],"collection":[{"href":"https:\/\/www.motorclubsabadell.com\/index.php\/wp-json\/wp\/v2\/pages"}],"about":[{"href":"https:\/\/www.motorclubsabadell.com\/index.php\/wp-json\/wp\/v2\/types\/page"}],"author":[{"embeddable":true,"href":"https:\/\/www.motorclubsabadell.com\/index.php\/wp-json\/wp\/v2\/users\/1"}],"replies":[{"embeddable":true,"href":"https:\/\/www.motorclubsabadell.com\/index.php\/wp-json\/wp\/v2\/comments?post=5887"}],"version-history":[{"count":16,"href":"https:\/\/www.motorclubsabadell.com\/index.php\/wp-json\/wp\/v2\/pages\/5887\/revisions"}],"predecessor-version":[{"id":5939,"href":"https:\/\/www.motorclubsabadell.com\/index.php\/wp-json\/wp\/v2\/pages\/5887\/revisions\/5939"}],"wp:attachment":[{"href":"https:\/\/www.motorclubsabadell.com\/index.php\/wp-json\/wp\/v2\/media?parent=5887"}],"curies":[{"name":"wp","href":"https:\/\/api.w.org\/{rel}","templated":true}]}}