{"id":5653,"date":"2025-05-31T19:08:44","date_gmt":"2025-05-31T17:08:44","guid":{"rendered":"https:\/\/www.motorclubsabadell.com\/?page_id=5653"},"modified":"2025-06-20T11:03:27","modified_gmt":"2025-06-20T09:03:27","slug":"volta-la-llana-2025","status":"publish","type":"page","link":"https:\/\/www.motorclubsabadell.com\/index.php\/volta-la-llana-2025\/","title":{"rendered":"Volta La Llana 2025"},"content":{"rendered":"<div dir=\"auto\"><\/div>\n<div dir=\"auto\"><\/div>\n<div dir=\"auto\" style=\"text-align: center;\"><span style=\"color: #ff0000;\"><strong><span style=\"font-size: 24pt;\">COMUNICAT OFICIAL \u2013 CANCEL\u00b7LACI\u00d3 DE LA \u201cVOLTA LA LLANA\u201d 2025<\/span><\/strong><\/span><\/div>\n<div dir=\"auto\" style=\"text-align: center;\">&#8212;&#8212;&#8212;&#8211;<\/div>\n<div dir=\"auto\" style=\"text-align: center;\"><a href=\"https:\/\/motorclubsabadell.com\/Documents\/2025_Volta\/250619_Comunicat_Cancel_lacio_Volta_Llana_2025.pdf\" target=\"_blank\" rel=\"noopener\"><span style=\"font-size: 18pt;\">LLEGIR COMUNICAT<\/span><\/a><br \/>\n&#8212;&#8212;&#8212;&#8211;<\/div>\n<div dir=\"auto\" style=\"text-align: center;\">(Als inscrits us retornarem l&#8217;import pagat en breu).<\/div>\n<div dir=\"auto\"><\/div>\n<div dir=\"auto\">\n<hr \/>\n<\/div>\n<div dir=\"auto\"><\/div>\n<div dir=\"auto\"><del><strong>Nom\u00e9s saps on comences\u2026 i on acabar\u00e0s.\u00a0La resta, un misteri que descobrir\u00e0s tram a tram\u00a0<\/strong>&#8230;<\/del><\/div>\n<p><del>El Motor Club Sabadell organitza pel proper <strong>dissabte dia 05\/07\/2025<\/strong> la primera \u201cVolta La Llana\u201d, per vehicles cl\u00e0ssics, pre-cl\u00e0ssics 2000, i vehicles d\u2019inter\u00e8s. La \u201cVOLTA LA LLANA\u201d NO \u00c9S UNA COMPETICI\u00d3, \u00e9s una sortida tur\u00edstica per al descobriment de les carreteres i paisatges, en un ambient de germanor i familiar.<\/del><\/p>\n<table style=\"border-collapse: collapse; width: 100%;\">\n<tbody>\n<tr>\n<td style=\"width: 25%; text-align: center;\"><a class=\"boxersandswipers\" title=\"200\" href=\"http:\/\/www.motorclubsabadell.com\/wp-content\/uploads\/2025\/05\/200.jpeg\"><img loading=\"lazy\" decoding=\"async\" class=\"alignnone wp-image-5657 size-large\" src=\"http:\/\/www.motorclubsabadell.com\/wp-content\/uploads\/2025\/05\/200-819x1024.jpeg\" alt=\"\" width=\"640\" height=\"800\" srcset=\"https:\/\/www.motorclubsabadell.com\/wp-content\/uploads\/2025\/05\/200-819x1024.jpeg 819w, https:\/\/www.motorclubsabadell.com\/wp-content\/uploads\/2025\/05\/200-240x300.jpeg 240w, https:\/\/www.motorclubsabadell.com\/wp-content\/uploads\/2025\/05\/200-768x960.jpeg 768w, https:\/\/www.motorclubsabadell.com\/wp-content\/uploads\/2025\/05\/200-600x750.jpeg 600w, https:\/\/www.motorclubsabadell.com\/wp-content\/uploads\/2025\/05\/200.jpeg 1080w\" sizes=\"auto, (max-width: 640px) 100vw, 640px\" \/><\/a><\/td>\n<td style=\"width: 25%; text-align: center;\"><a class=\"boxersandswipers\" title=\"201\" href=\"http:\/\/www.motorclubsabadell.com\/wp-content\/uploads\/2025\/05\/201.jpeg\"><img loading=\"lazy\" decoding=\"async\" class=\"alignnone wp-image-5658 size-large\" src=\"http:\/\/www.motorclubsabadell.com\/wp-content\/uploads\/2025\/05\/201-819x1024.jpeg\" alt=\"\" width=\"640\" height=\"800\" srcset=\"https:\/\/www.motorclubsabadell.com\/wp-content\/uploads\/2025\/05\/201-819x1024.jpeg 819w, https:\/\/www.motorclubsabadell.com\/wp-content\/uploads\/2025\/05\/201-240x300.jpeg 240w, https:\/\/www.motorclubsabadell.com\/wp-content\/uploads\/2025\/05\/201-768x960.jpeg 768w, https:\/\/www.motorclubsabadell.com\/wp-content\/uploads\/2025\/05\/201-600x750.jpeg 600w, https:\/\/www.motorclubsabadell.com\/wp-content\/uploads\/2025\/05\/201.jpeg 1080w\" sizes=\"auto, (max-width: 640px) 100vw, 640px\" \/><\/a><\/td>\n<td style=\"width: 25%; text-align: center;\"><a class=\"boxersandswipers\" title=\"202\" href=\"http:\/\/www.motorclubsabadell.com\/wp-content\/uploads\/2025\/05\/202.jpeg\"><img loading=\"lazy\" decoding=\"async\" class=\"alignnone wp-image-5659 size-large\" src=\"http:\/\/www.motorclubsabadell.com\/wp-content\/uploads\/2025\/05\/202-819x1024.jpeg\" alt=\"\" width=\"640\" height=\"800\" srcset=\"https:\/\/www.motorclubsabadell.com\/wp-content\/uploads\/2025\/05\/202-819x1024.jpeg 819w, https:\/\/www.motorclubsabadell.com\/wp-content\/uploads\/2025\/05\/202-240x300.jpeg 240w, https:\/\/www.motorclubsabadell.com\/wp-content\/uploads\/2025\/05\/202-768x960.jpeg 768w, https:\/\/www.motorclubsabadell.com\/wp-content\/uploads\/2025\/05\/202-600x750.jpeg 600w, https:\/\/www.motorclubsabadell.com\/wp-content\/uploads\/2025\/05\/202.jpeg 1080w\" sizes=\"auto, (max-width: 640px) 100vw, 640px\" \/><\/a><\/td>\n<td style=\"width: 25%; text-align: center;\"><a class=\"boxersandswipers\" title=\"203\" href=\"http:\/\/www.motorclubsabadell.com\/wp-content\/uploads\/2025\/05\/203.jpeg\"><img loading=\"lazy\" decoding=\"async\" class=\"alignnone wp-image-5660 size-large\" src=\"http:\/\/www.motorclubsabadell.com\/wp-content\/uploads\/2025\/05\/203-819x1024.jpeg\" alt=\"\" width=\"640\" height=\"800\" srcset=\"https:\/\/www.motorclubsabadell.com\/wp-content\/uploads\/2025\/05\/203-819x1024.jpeg 819w, https:\/\/www.motorclubsabadell.com\/wp-content\/uploads\/2025\/05\/203-240x300.jpeg 240w, https:\/\/www.motorclubsabadell.com\/wp-content\/uploads\/2025\/05\/203-768x960.jpeg 768w, https:\/\/www.motorclubsabadell.com\/wp-content\/uploads\/2025\/05\/203-600x750.jpeg 600w, https:\/\/www.motorclubsabadell.com\/wp-content\/uploads\/2025\/05\/203.jpeg 1080w\" sizes=\"auto, (max-width: 640px) 100vw, 640px\" \/><\/a><\/td>\n<\/tr>\n<\/tbody>\n<\/table>\n<p><img loading=\"lazy\" decoding=\"async\" class=\"alignnone size-full wp-image-5699\" src=\"http:\/\/www.motorclubsabadell.com\/wp-content\/uploads\/2025\/06\/Quadre_Volta_2025.jpg\" alt=\"\" width=\"705\" height=\"360\" srcset=\"https:\/\/www.motorclubsabadell.com\/wp-content\/uploads\/2025\/06\/Quadre_Volta_2025.jpg 705w, https:\/\/www.motorclubsabadell.com\/wp-content\/uploads\/2025\/06\/Quadre_Volta_2025-300x153.jpg 300w, https:\/\/www.motorclubsabadell.com\/wp-content\/uploads\/2025\/06\/Quadre_Volta_2025-600x306.jpg 600w\" sizes=\"auto, (max-width: 705px) 100vw, 705px\" \/><\/p>\n<ul>\n<li><del><strong>Inscripci\u00f3: <\/strong><span style=\"color: #808080;\">Cancel\u00b7lat<\/span><\/del><\/li>\n<li><del><strong>Inscrits a la prova: <\/strong><span style=\"color: #808080;\">Properament\u00a0<\/span><\/del><\/li>\n<li><del><strong>Pl\u00e0nol i zones de l\u2019espai de la sortida: <\/strong><span style=\"color: #0000ff;\"><span style=\"color: #808080;\">Properament<\/span>\u00a0<\/span><\/del><\/li>\n<li><strong>Normativa Volta la Llana 2025<\/strong><strong>: <\/strong><span style=\"color: #3366ff;\"><a style=\"color: #3366ff;\" href=\"https:\/\/motorclubsabadell.com\/Documents\/2025_Volta\/Normativa_Volta_2025.pdf\" target=\"_blank\" rel=\"noopener\">Feu clic aqu\u00ed<\/a><\/span><\/li>\n<li><strong>Comunicat de Premsa N\u00ba 1<\/strong><strong>: <\/strong><span style=\"color: #3366ff;\"><a style=\"color: #3366ff;\" href=\"https:\/\/motorclubsabadell.com\/Documents\/2025_Volta\/CP-1-Volta-2025.pdf\" target=\"_blank\" rel=\"noopener\">Feu clic aqu\u00ed<\/a><\/span><\/li>\n<\/ul>\n<p>&nbsp;<\/p>\n<table style=\"border-collapse: collapse; width: 100%;\">\n<tbody>\n<tr>\n<td style=\"width: 20%; text-align: center;\"><img loading=\"lazy\" decoding=\"async\" class=\"alignnone size-large wp-image-5661\" src=\"http:\/\/www.motorclubsabadell.com\/wp-content\/uploads\/2025\/05\/01-768x1024.jpeg\" alt=\"\" width=\"640\" height=\"853\" srcset=\"https:\/\/www.motorclubsabadell.com\/wp-content\/uploads\/2025\/05\/01-768x1024.jpeg 768w, https:\/\/www.motorclubsabadell.com\/wp-content\/uploads\/2025\/05\/01-225x300.jpeg 225w, https:\/\/www.motorclubsabadell.com\/wp-content\/uploads\/2025\/05\/01-1152x1536.jpeg 1152w, https:\/\/www.motorclubsabadell.com\/wp-content\/uploads\/2025\/05\/01-563x750.jpeg 563w, https:\/\/www.motorclubsabadell.com\/wp-content\/uploads\/2025\/05\/01-600x800.jpeg 600w, https:\/\/www.motorclubsabadell.com\/wp-content\/uploads\/2025\/05\/01.jpeg 1200w\" sizes=\"auto, (max-width: 640px) 100vw, 640px\" \/><\/td>\n<td style=\"width: 20%; text-align: center;\"><img loading=\"lazy\" decoding=\"async\" class=\"alignnone size-large wp-image-5662\" src=\"http:\/\/www.motorclubsabadell.com\/wp-content\/uploads\/2025\/05\/02-768x1024.jpeg\" alt=\"\" width=\"640\" height=\"853\" srcset=\"https:\/\/www.motorclubsabadell.com\/wp-content\/uploads\/2025\/05\/02-768x1024.jpeg 768w, https:\/\/www.motorclubsabadell.com\/wp-content\/uploads\/2025\/05\/02-225x300.jpeg 225w, https:\/\/www.motorclubsabadell.com\/wp-content\/uploads\/2025\/05\/02-1152x1536.jpeg 1152w, https:\/\/www.motorclubsabadell.com\/wp-content\/uploads\/2025\/05\/02-563x750.jpeg 563w, https:\/\/www.motorclubsabadell.com\/wp-content\/uploads\/2025\/05\/02-600x800.jpeg 600w, https:\/\/www.motorclubsabadell.com\/wp-content\/uploads\/2025\/05\/02.jpeg 1200w\" sizes=\"auto, (max-width: 640px) 100vw, 640px\" \/><\/td>\n<td style=\"width: 20%; text-align: center;\"><img loading=\"lazy\" decoding=\"async\" class=\"alignnone size-large wp-image-5663\" src=\"http:\/\/www.motorclubsabadell.com\/wp-content\/uploads\/2025\/05\/04-768x1024.jpeg\" alt=\"\" width=\"640\" height=\"853\" srcset=\"https:\/\/www.motorclubsabadell.com\/wp-content\/uploads\/2025\/05\/04-768x1024.jpeg 768w, https:\/\/www.motorclubsabadell.com\/wp-content\/uploads\/2025\/05\/04-225x300.jpeg 225w, https:\/\/www.motorclubsabadell.com\/wp-content\/uploads\/2025\/05\/04-1152x1536.jpeg 1152w, https:\/\/www.motorclubsabadell.com\/wp-content\/uploads\/2025\/05\/04-563x750.jpeg 563w, https:\/\/www.motorclubsabadell.com\/wp-content\/uploads\/2025\/05\/04-600x800.jpeg 600w, https:\/\/www.motorclubsabadell.com\/wp-content\/uploads\/2025\/05\/04.jpeg 1200w\" sizes=\"auto, (max-width: 640px) 100vw, 640px\" \/><\/td>\n<td style=\"width: 20%; text-align: center;\"><img loading=\"lazy\" decoding=\"async\" class=\"alignnone size-large wp-image-5664\" src=\"http:\/\/www.motorclubsabadell.com\/wp-content\/uploads\/2025\/05\/05-768x1024.jpeg\" alt=\"\" width=\"640\" height=\"853\" srcset=\"https:\/\/www.motorclubsabadell.com\/wp-content\/uploads\/2025\/05\/05-768x1024.jpeg 768w, https:\/\/www.motorclubsabadell.com\/wp-content\/uploads\/2025\/05\/05-225x300.jpeg 225w, https:\/\/www.motorclubsabadell.com\/wp-content\/uploads\/2025\/05\/05-1152x1536.jpeg 1152w, https:\/\/www.motorclubsabadell.com\/wp-content\/uploads\/2025\/05\/05-563x750.jpeg 563w, https:\/\/www.motorclubsabadell.com\/wp-content\/uploads\/2025\/05\/05-600x800.jpeg 600w, https:\/\/www.motorclubsabadell.com\/wp-content\/uploads\/2025\/05\/05.jpeg 1200w\" sizes=\"auto, (max-width: 640px) 100vw, 640px\" \/><\/td>\n<td style=\"width: 20%; text-align: center;\"><img loading=\"lazy\" decoding=\"async\" class=\"alignnone size-large wp-image-5665\" src=\"http:\/\/www.motorclubsabadell.com\/wp-content\/uploads\/2025\/05\/06-768x1024.jpeg\" alt=\"\" width=\"640\" height=\"853\" srcset=\"https:\/\/www.motorclubsabadell.com\/wp-content\/uploads\/2025\/05\/06-768x1024.jpeg 768w, https:\/\/www.motorclubsabadell.com\/wp-content\/uploads\/2025\/05\/06-225x300.jpeg 225w, https:\/\/www.motorclubsabadell.com\/wp-content\/uploads\/2025\/05\/06-1152x1536.jpeg 1152w, https:\/\/www.motorclubsabadell.com\/wp-content\/uploads\/2025\/05\/06-563x750.jpeg 563w, https:\/\/www.motorclubsabadell.com\/wp-content\/uploads\/2025\/05\/06-600x800.jpeg 600w, https:\/\/www.motorclubsabadell.com\/wp-content\/uploads\/2025\/05\/06.jpeg 1200w\" sizes=\"auto, (max-width: 640px) 100vw, 640px\" \/><\/td>\n<\/tr>\n<tr>\n<td style=\"width: 20%; text-align: center;\"><img loading=\"lazy\" decoding=\"async\" class=\"alignnone size-large wp-image-5666\" src=\"http:\/\/www.motorclubsabadell.com\/wp-content\/uploads\/2025\/05\/07-768x1024.jpeg\" alt=\"\" width=\"640\" height=\"853\" srcset=\"https:\/\/www.motorclubsabadell.com\/wp-content\/uploads\/2025\/05\/07-768x1024.jpeg 768w, https:\/\/www.motorclubsabadell.com\/wp-content\/uploads\/2025\/05\/07-225x300.jpeg 225w, https:\/\/www.motorclubsabadell.com\/wp-content\/uploads\/2025\/05\/07-1152x1536.jpeg 1152w, https:\/\/www.motorclubsabadell.com\/wp-content\/uploads\/2025\/05\/07-563x750.jpeg 563w, https:\/\/www.motorclubsabadell.com\/wp-content\/uploads\/2025\/05\/07-600x800.jpeg 600w, https:\/\/www.motorclubsabadell.com\/wp-content\/uploads\/2025\/05\/07.jpeg 1200w\" sizes=\"auto, (max-width: 640px) 100vw, 640px\" \/><\/td>\n<td style=\"width: 20%; text-align: center;\"><img loading=\"lazy\" decoding=\"async\" class=\"alignnone size-large wp-image-5667\" src=\"http:\/\/www.motorclubsabadell.com\/wp-content\/uploads\/2025\/05\/08-768x1024.jpeg\" alt=\"\" width=\"640\" height=\"853\" srcset=\"https:\/\/www.motorclubsabadell.com\/wp-content\/uploads\/2025\/05\/08-768x1024.jpeg 768w, https:\/\/www.motorclubsabadell.com\/wp-content\/uploads\/2025\/05\/08-225x300.jpeg 225w, https:\/\/www.motorclubsabadell.com\/wp-content\/uploads\/2025\/05\/08-1152x1536.jpeg 1152w, https:\/\/www.motorclubsabadell.com\/wp-content\/uploads\/2025\/05\/08-563x750.jpeg 563w, https:\/\/www.motorclubsabadell.com\/wp-content\/uploads\/2025\/05\/08-600x800.jpeg 600w, https:\/\/www.motorclubsabadell.com\/wp-content\/uploads\/2025\/05\/08.jpeg 1200w\" sizes=\"auto, (max-width: 640px) 100vw, 640px\" \/><\/td>\n<td style=\"width: 20%; text-align: center;\"><img loading=\"lazy\" decoding=\"async\" class=\"alignnone size-large wp-image-5668\" src=\"http:\/\/www.motorclubsabadell.com\/wp-content\/uploads\/2025\/05\/09-768x1024.jpeg\" alt=\"\" width=\"640\" height=\"853\" srcset=\"https:\/\/www.motorclubsabadell.com\/wp-content\/uploads\/2025\/05\/09-768x1024.jpeg 768w, https:\/\/www.motorclubsabadell.com\/wp-content\/uploads\/2025\/05\/09-225x300.jpeg 225w, https:\/\/www.motorclubsabadell.com\/wp-content\/uploads\/2025\/05\/09-1152x1536.jpeg 1152w, https:\/\/www.motorclubsabadell.com\/wp-content\/uploads\/2025\/05\/09-563x750.jpeg 563w, https:\/\/www.motorclubsabadell.com\/wp-content\/uploads\/2025\/05\/09-600x800.jpeg 600w, https:\/\/www.motorclubsabadell.com\/wp-content\/uploads\/2025\/05\/09.jpeg 1200w\" sizes=\"auto, (max-width: 640px) 100vw, 640px\" \/><\/td>\n<td style=\"width: 20%; text-align: center;\"><img loading=\"lazy\" decoding=\"async\" class=\"alignnone size-large wp-image-5669\" src=\"http:\/\/www.motorclubsabadell.com\/wp-content\/uploads\/2025\/05\/010-768x1024.jpeg\" alt=\"\" width=\"640\" height=\"853\" srcset=\"https:\/\/www.motorclubsabadell.com\/wp-content\/uploads\/2025\/05\/010-768x1024.jpeg 768w, https:\/\/www.motorclubsabadell.com\/wp-content\/uploads\/2025\/05\/010-225x300.jpeg 225w, https:\/\/www.motorclubsabadell.com\/wp-content\/uploads\/2025\/05\/010-1152x1536.jpeg 1152w, https:\/\/www.motorclubsabadell.com\/wp-content\/uploads\/2025\/05\/010-563x750.jpeg 563w, https:\/\/www.motorclubsabadell.com\/wp-content\/uploads\/2025\/05\/010-600x800.jpeg 600w, https:\/\/www.motorclubsabadell.com\/wp-content\/uploads\/2025\/05\/010.jpeg 1200w\" sizes=\"auto, (max-width: 640px) 100vw, 640px\" \/><\/td>\n<td style=\"width: 20%; text-align: center;\"><img loading=\"lazy\" decoding=\"async\" class=\"alignnone size-large wp-image-5670\" src=\"http:\/\/www.motorclubsabadell.com\/wp-content\/uploads\/2025\/05\/011-768x1024.jpeg\" alt=\"\" width=\"640\" height=\"853\" srcset=\"https:\/\/www.motorclubsabadell.com\/wp-content\/uploads\/2025\/05\/011-768x1024.jpeg 768w, https:\/\/www.motorclubsabadell.com\/wp-content\/uploads\/2025\/05\/011-225x300.jpeg 225w, https:\/\/www.motorclubsabadell.com\/wp-content\/uploads\/2025\/05\/011-1152x1536.jpeg 1152w, https:\/\/www.motorclubsabadell.com\/wp-content\/uploads\/2025\/05\/011-563x750.jpeg 563w, https:\/\/www.motorclubsabadell.com\/wp-content\/uploads\/2025\/05\/011-600x800.jpeg 600w, https:\/\/www.motorclubsabadell.com\/wp-content\/uploads\/2025\/05\/011.jpeg 1200w\" sizes=\"auto, (max-width: 640px) 100vw, 640px\" \/><\/td>\n<\/tr>\n<\/tbody>\n<\/table>\n","protected":false},"excerpt":{"rendered":"<p>COMUNICAT OFICIAL \u2013 CANCEL\u00b7LACI\u00d3 DE LA \u201cVOLTA LA LLANA\u201d 2025 &#8212;&#8212;&#8212;&#8211; LLEGIR COMUNICAT &#8212;&#8212;&#8212;&#8211; (Als inscrits us retornarem l&#8217;import pagat en breu). Nom\u00e9s saps on comences\u2026 i on&#8230;<\/p>\n","protected":false},"author":1,"featured_media":5654,"parent":0,"menu_order":0,"comment_status":"closed","ping_status":"closed","template":"","meta":{"footnotes":""},"class_list":["post-5653","page","type-page","status-publish","has-post-thumbnail","hentry"],"_links":{"self":[{"href":"https:\/\/www.motorclubsabadell.com\/index.php\/wp-json\/wp\/v2\/pages\/5653","targetHints":{"allow":["GET"]}}],"collection":[{"href":"https:\/\/www.motorclubsabadell.com\/index.php\/wp-json\/wp\/v2\/pages"}],"about":[{"href":"https:\/\/www.motorclubsabadell.com\/index.php\/wp-json\/wp\/v2\/types\/page"}],"author":[{"embeddable":true,"href":"https:\/\/www.motorclubsabadell.com\/index.php\/wp-json\/wp\/v2\/users\/1"}],"replies":[{"embeddable":true,"href":"https:\/\/www.motorclubsabadell.com\/index.php\/wp-json\/wp\/v2\/comments?post=5653"}],"version-history":[{"count":43,"href":"https:\/\/www.motorclubsabadell.com\/index.php\/wp-json\/wp\/v2\/pages\/5653\/revisions"}],"predecessor-version":[{"id":5721,"href":"https:\/\/www.motorclubsabadell.com\/index.php\/wp-json\/wp\/v2\/pages\/5653\/revisions\/5721"}],"wp:featuredmedia":[{"embeddable":true,"href":"https:\/\/www.motorclubsabadell.com\/index.php\/wp-json\/wp\/v2\/media\/5654"}],"wp:attachment":[{"href":"https:\/\/www.motorclubsabadell.com\/index.php\/wp-json\/wp\/v2\/media?parent=5653"}],"curies":[{"name":"wp","href":"https:\/\/api.w.org\/{rel}","templated":true}]}}