{"id":5618,"date":"2025-03-20T18:16:01","date_gmt":"2025-03-20T17:16:01","guid":{"rendered":"https:\/\/www.motorclubsabadell.com\/?page_id=5618"},"modified":"2025-03-25T18:59:41","modified_gmt":"2025-03-25T17:59:41","slug":"26-rallye-la-llana-trofeu-autosi-2025","status":"publish","type":"page","link":"https:\/\/www.motorclubsabadell.com\/index.php\/26-rallye-la-llana-trofeu-autosi-2025\/","title":{"rendered":"26 Rallye La Llana Trofeu Autosi 2025"},"content":{"rendered":"<div>\n<table id=\"table1\" style=\"height: 112px; width: 98%;\" cellspacing=\"0\" cellpadding=\"0\">\n<tbody>\n<tr style=\"height: 112px;\">\n<td style=\"width: 8.86149%; height: 112px;\" colspan=\"4\" align=\"center\" height=\"130\">\n<p style=\"margin-top: 0; margin-bottom: 0;\">\n<\/td>\n<td style=\"width: 25.849%; height: 112px; text-align: center; vertical-align: middle; border-bottom: 0px solid #808080; border-left: 0px solid #808080; border-right-width: 0px;\" align=\"center\" width=\"22%\" height=\"130\"><a href=\"https:\/\/cera.rfeda.es\/\" target=\"_blank\" rel=\"noopener\"><img loading=\"lazy\" decoding=\"async\" class=\"aligncenter\" src=\"http:\/\/www.motorclubsabadell.com\/Documents\/2024_Llana\/Logos\/Logo_CERA.jpg\" alt=\"CERA Recalvi\" width=\"234\" height=\"75\" border=\"0\" \/><\/a><\/td>\n<td style=\"width: 24.0563%; height: 112px; text-align: center; vertical-align: middle; border-right-width: 1px; border-bottom-width: 0px;\" width=\"9%\" height=\"130\">\n<p style=\"margin-top: 0; margin-bottom: 0;\"><a href=\"https:\/\/www.rallyelallana.com\/\" target=\"_blank\" rel=\"noopener\"><u><img loading=\"lazy\" decoding=\"async\" class=\"\" src=\"https:\/\/rallyelallana.com\/Documents\/2025_Llana\/Placa_Llana_2025.jpg\" alt=\"\" width=\"258\" height=\"140\" \/><\/u><\/a><\/p>\n<\/td>\n<td style=\"width: 32.5841%; height: 112px; text-align: center; vertical-align: middle; border-right-width: 1px; border-bottom-width: 0px;\" width=\"11%\" height=\"130\"><a href=\"https:\/\/www.fca.cat\/ca\" target=\"_blank\" rel=\"noopener\"><img loading=\"lazy\" decoding=\"async\" class=\"aligncenter\" src=\"http:\/\/www.motorclubsabadell.com\/Documents\/2023_Llana\/Logos\/FCA.jpg\" alt=\"Federaci\u00f3 Catalana d'Automobilisme\" width=\"308\" height=\"75\" border=\"0\" \/><\/a><\/td>\n<td style=\"width: 0.740192%; height: 112px; text-align: center; vertical-align: middle; border-right-width: 1px; border-bottom-width: 0px;\" width=\"13%\" height=\"130\"><\/td>\n<td style=\"width: 1%; height: 112px;\" align=\"center\" height=\"130\"><\/td>\n<\/tr>\n<\/tbody>\n<\/table>\n<\/div>\n<div>\n<table id=\"table16\" style=\"text-align: center; margin-top: 0px; margin-bottom: 0px; width: 98%; height: 32px;\" width=\"98%\" cellspacing=\"0\" cellpadding=\"0\">\n<tbody>\n<tr style=\"height: 30px;\">\n<td style=\"width: 98%; border: 1px solid #c0c0c0; height: 32px;\" align=\"center\" bgcolor=\"#f4f4f4\" height=\"30\">\n<p style=\"margin-top: 3px; margin-bottom: 0;\" align=\"center\"><span style=\"font-size: 12pt;\">25\u00e8 Rallye La llana Trofeu AUTOSI &#8211; <\/span><span style=\"font-size: 12pt;\">19 i 20 d&#8217;abril de 2024<\/span><\/p>\n<\/td>\n<\/tr>\n<\/tbody>\n<\/table>\n<\/div>\n<div style=\"text-align: center;\"><span style=\"color: #ffffff;\">&#8211;<\/span><\/div>\n<div style=\"text-align: center;\"><img loading=\"lazy\" decoding=\"async\" class=\"alignnone wp-image-5628\" src=\"http:\/\/www.motorclubsabadell.com\/wp-content\/uploads\/2025\/03\/QR-Autosi-MCS.jpg\" alt=\"\" width=\"221\" height=\"189\" srcset=\"https:\/\/www.motorclubsabadell.com\/wp-content\/uploads\/2025\/03\/QR-Autosi-MCS.jpg 350w, https:\/\/www.motorclubsabadell.com\/wp-content\/uploads\/2025\/03\/QR-Autosi-MCS-300x257.jpg 300w\" sizes=\"auto, (max-width: 221px) 100vw, 221px\" \/><\/div>\n<div><\/div>\n<div style=\"text-align: center;\"><span style=\"color: #808080;\"><span style=\"background-color: #ffffff; color: #ffffff;\">______________________________<\/span><br \/>\n<\/span><\/div>\n<p style=\"text-align: center;\"><span style=\"font-family: georgia, palatino, serif; font-size: 18pt;\">Tota la informaci\u00f3 a:\u00a0\u00a0 <a href=\"https:\/\/www.rallyelallana.com\" target=\"_blank\" rel=\"noopener\">https:\/\/rallyelallana.com<\/a><\/span><br \/>\n<span style=\"color: #ffffff;\">&#8211;<\/span><\/p>\n<div>\n<hr \/>\n<p>Col\u00b7laboren:<\/p>\n<div>\n<table id=\"table17\" style=\"height: 10px; width: 99%;\" width=\"99%\" cellspacing=\"0\" cellpadding=\"0\">\n<tbody>\n<tr style=\"height: 75px;\">\n<td style=\"text-align: left; vertical-align: top; height: 10px; width: 0.732601%;\"><\/td>\n<td style=\"text-align: center; height: 10px; width: 99.1207%;\">\u00a0\u00a0 \u00a0 \u00a0<a title=\"Urp\u00ed Sport - Reparaci\u00f3 i preparaci\u00f3 de Porsche de carrer i de competici\u00f3\" href=\"http:\/\/www.urpisport.cat\/\" target=\"_blank\" rel=\"noopener noreferrer\"><img loading=\"lazy\" decoding=\"async\" alt=\"Urpi_sport_web\"  class=\"\" src=\"http:\/\/www.motorclubsabadell.com\/wp-content\/uploads\/2017\/03\/Urpi_sport_web.png\" width=\"123\" height=\"51\" border=\"0\" \/><\/a>\u00a0 \u00a0 \u00a0 \u00a0 \u00a0 \u00a0 \u00a0 \u00a0 <a title=\"AutoSI, els millors vehicles d'ocasi\u00f3 ...\" href=\"http:\/\/www.autosi.es\/inicio\" target=\"_blank\" rel=\"noopener noreferrer\"><img loading=\"lazy\" decoding=\"async\" alt=\"Logo_Autosi_nou\"  src=\"http:\/\/www.motorclubsabadell.com\/wp-content\/uploads\/2024\/02\/Logo_Autosi_nou.png\" width=\"165\" height=\"39\" \/><\/a>\u00a0 \u00a0 \u00a0 \u00a0 \u00a0 \u00a0 \u00a0 \u00a0 \u00a0<a href=\"https:\/\/sphericlaser.com\/\" target=\"_blank\" rel=\"noopener noreferrer\"><img loading=\"lazy\" decoding=\"async\" class=\"alignnone\" src=\"http:\/\/www.motorclubsabadell.com\/Documents\/2020_Llana\/Logos\/Logo_Spheric_web_2.png\" alt=\"\" width=\"127\" height=\"70\" border=\"0\" \/><\/a><\/td>\n<\/tr>\n<\/tbody>\n<\/table>\n<\/div>\n<div>\n<hr \/>\n<\/div>\n<div>\n<table id=\"table15\" style=\"width: 99.2351%;\" width=\"98%\" cellspacing=\"0\" cellpadding=\"0\">\n<tbody>\n<tr>\n<td style=\"width: 10.8068%;\" width=\"124\">Edicions anteriors:<\/td>\n<td style=\"width: 0.740192%;\"><\/td>\n<td style=\"border-right: 1px solid #808080; text-align: center; width: 7.84605%;\" width=\"100\"><a href=\"http:\/\/www.motorclubsabadell.com\/Antiga\/cat\/Retro\/Llana\/Llana.htm\" target=\"_blank\" rel=\"noopener noreferrer\">1968 a 1972<\/a><\/td>\n<td style=\"border-right: 1px solid #808080; text-align: center; width: 3.95683%;\"><a href=\"http:\/\/www.motorclubsabadell.com\/Antiga\/cat\/Ralli_Classic\/2005\/ralli_classic.htm\" target=\"_blank\" rel=\"noopener noreferrer\">2005<\/a><\/td>\n<td style=\"border-right: 1px solid #808080; text-align: center; width: 4.45292%;\"><a href=\"http:\/\/www.motorclubsabadell.com\/Antiga\/cat\/Ralli_Classic\/2006\/Rallis_classics.htm\" target=\"_blank\" rel=\"noopener noreferrer\">2006<\/a><\/td>\n<td style=\"border-right: 1px solid #808080; text-align: center; width: 4.44115%;\"><a href=\"http:\/\/www.motorclubsabadell.com\/Antiga\/cat\/Ralli_Classic\/2007\/Rallis_classics.htm\" target=\"_blank\" rel=\"noopener noreferrer\">2007<\/a><\/td>\n<td style=\"border-right: 1px solid #808080; text-align: center; width: 4.66321%;\"><a href=\"http:\/\/www.motorclubsabadell.com\/Antiga\/cat\/Ralli_Classic\/2008\/Rallis_classics.htm\" target=\"_blank\" rel=\"noopener noreferrer\">2008<\/a><\/td>\n<td style=\"border-right: 1px solid #808080; text-align: center; width: 4.58919%;\"><a href=\"http:\/\/www.motorclubsabadell.com\/Antiga\/cat\/Ralli_Classic\/2009\/Rallis_classics.htm\" target=\"_blank\" rel=\"noopener noreferrer\">2009<\/a><\/td>\n<td style=\"border-right: 1px solid #808080; text-align: center; width: 4.36714%;\"><a href=\"http:\/\/www.motorclubsabadell.com\/Antiga\/cat\/Ralli_Classic\/2010\/Rallis_classics.htm\" target=\"_blank\" rel=\"noopener noreferrer\">2010<\/a><\/td>\n<td style=\"border-right: 1px solid #808080; text-align: center; width: 3.99704%;\"><a href=\"http:\/\/www.motorclubsabadell.com\/Antiga\/cat\/Ralli_Classic\/2011\/Rallis_classics.htm\" target=\"_blank\" rel=\"noopener noreferrer\">2011<\/a><\/td>\n<td style=\"border-right: 1px solid #808080; text-align: center; width: 4.2191%;\"><a href=\"http:\/\/www.motorclubsabadell.com\/\/cat\/Ralli_Classic\/2012\/Rallis_classics.htm\" target=\"_blank\" rel=\"noopener noreferrer\">2012<\/a><\/td>\n<td style=\"border-right: 1px solid #808080; text-align: center; width: 4.2191%;\"><a href=\"http:\/\/www.motorclubsabadell.com\/Antiga\/cat\/Ralli_Legend\/2013\/Ralli_Llana_2013.htm\" target=\"_blank\" rel=\"noopener noreferrer\">2013<\/a><\/td>\n<td style=\"border-right: 1px solid #808080; text-align: center; width: 4.2191%;\"><a href=\"http:\/\/www.motorclubsabadell.com\/Antiga\/cat\/Ralli_Legend\/2014\/Ralli_Llana_2014.htm\" target=\"_blank\" rel=\"noopener noreferrer\">2014<\/a><\/td>\n<td style=\"border-right: 1px solid #808080; text-align: center; width: 4.2191%;\"><a href=\"http:\/\/www.motorclubsabadell.com\/Antiga\/cat\/Ralli_Legend\/2015\/Ralli_Llana_2015.htm\" target=\"_blank\" rel=\"noopener noreferrer\">2015<\/a><\/td>\n<td style=\"border-right: 1px solid #808080; text-align: center; width: 4.2191%;\"><a href=\"http:\/\/www.motorclubsabadell.com\/Antiga\/cat\/Ralli_Legend\/2016\/Ralli_Llana_2016.htm\" target=\"_blank\" rel=\"noopener noreferrer\">2016<\/a><\/td>\n<td style=\"border-right: 1px solid #808080; text-align: center; width: 4.14508%;\"><a href=\"http:\/\/www.motorclubsabadell.com\/index.php\/xviii-ralli-de-la-llana-trofeu-autosi-2017\/\" target=\"_blank\" rel=\"noopener noreferrer\">2017<\/a><\/td>\n<td style=\"border-right: 1px solid #808080; text-align: center; width: 4.29312%;\"><a href=\"http:\/\/www.motorclubsabadell.com\/index.php\/xix-ralli-de-la-llana-trofeu-autosi-2018\/\" target=\"_blank\" rel=\"noopener noreferrer\">2018<\/a><\/td>\n<td style=\"border-right: 1px solid #808080; text-align: center; width: 4.2191%;\"><a href=\"http:\/\/www.motorclubsabadell.com\/index.php\/xx-ralli-de-la-llana-trofeu-autosi-2019\/\" target=\"_blank\" rel=\"noopener noreferrer\">2019<\/a><\/td>\n<td style=\"border-right: 1px solid #808080; text-align: center; width: 4.58919%;\"><a href=\"http:\/\/www.motorclubsabadell.com\/index.php\/llana-trofeu-autosi-2020\/\" target=\"_blank\" rel=\"noopener noreferrer\">2020<\/a><\/td>\n<td style=\"border-right: 1px solid #808080; text-align: center; width: 4.2191%;\"><a href=\"http:\/\/www.motorclubsabadell.com\/index.php\/xxii-ralli-de-la-llana-trofeu-autosi-2021\/\" target=\"_blank\" rel=\"noopener noreferrer\">2021<\/a><\/td>\n<td style=\"border-right: 1px solid #808080; text-align: center; width: 4.44115%;\"><a href=\"http:\/\/www.motorclubsabadell.com\/index.php\/xxiii-ralli-de-la-llana-ripolles-trofeu-autosi-2022\/\" target=\"_blank\" rel=\"noopener noreferrer\">2022<\/a><\/td>\n<td style=\"text-align: center; width: 5.69567%;\"><a href=\"http:\/\/www.motorclubsabadell.com\/index.php\/24e-ralli-de-la-llana-ripolles-trofeu-autosi-2023\/\" target=\"_blank\" rel=\"noopener noreferrer\">2023<\/a><\/td>\n<\/tr>\n<\/tbody>\n<\/table>\n<\/div>\n<\/div>\n","protected":false},"excerpt":{"rendered":"<p>25\u00e8 Rallye La llana Trofeu AUTOSI &#8211; 19 i 20 d&#8217;abril de 2024 &#8211; ______________________________ Tota la informaci\u00f3 a:\u00a0\u00a0 https:\/\/rallyelallana.com &#8211; Col\u00b7laboren: \u00a0\u00a0 \u00a0 \u00a0\u00a0 \u00a0 \u00a0 \u00a0&#8230;<\/p>\n","protected":false},"author":1,"featured_media":0,"parent":0,"menu_order":0,"comment_status":"closed","ping_status":"closed","template":"","meta":{"footnotes":""},"class_list":["post-5618","page","type-page","status-publish","hentry"],"_links":{"self":[{"href":"https:\/\/www.motorclubsabadell.com\/index.php\/wp-json\/wp\/v2\/pages\/5618","targetHints":{"allow":["GET"]}}],"collection":[{"href":"https:\/\/www.motorclubsabadell.com\/index.php\/wp-json\/wp\/v2\/pages"}],"about":[{"href":"https:\/\/www.motorclubsabadell.com\/index.php\/wp-json\/wp\/v2\/types\/page"}],"author":[{"embeddable":true,"href":"https:\/\/www.motorclubsabadell.com\/index.php\/wp-json\/wp\/v2\/users\/1"}],"replies":[{"embeddable":true,"href":"https:\/\/www.motorclubsabadell.com\/index.php\/wp-json\/wp\/v2\/comments?post=5618"}],"version-history":[{"count":9,"href":"https:\/\/www.motorclubsabadell.com\/index.php\/wp-json\/wp\/v2\/pages\/5618\/revisions"}],"predecessor-version":[{"id":5634,"href":"https:\/\/www.motorclubsabadell.com\/index.php\/wp-json\/wp\/v2\/pages\/5618\/revisions\/5634"}],"wp:attachment":[{"href":"https:\/\/www.motorclubsabadell.com\/index.php\/wp-json\/wp\/v2\/media?parent=5618"}],"curies":[{"name":"wp","href":"https:\/\/api.w.org\/{rel}","templated":true}]}}