{"id":3340,"date":"2020-08-06T15:30:06","date_gmt":"2020-08-06T13:30:06","guid":{"rendered":"http:\/\/www.motorclubsabadell.com\/?page_id=3340"},"modified":"2020-09-22T16:07:30","modified_gmt":"2020-09-22T14:07:30","slug":"inscripcions-llana-2020","status":"publish","type":"page","link":"https:\/\/www.motorclubsabadell.com\/index.php\/inscripcions-llana-2020\/","title":{"rendered":"Inscripcions Llana 2020"},"content":{"rendered":"<div>\n<table id=\"table1\" style=\"height: 112px; width: 98%;\" width=\"98%\" cellspacing=\"0\" cellpadding=\"0\">\n<tbody>\n<tr style=\"height: 112px;\">\n<td style=\"width: 1.31%; height: 112px;\" align=\"center\" height=\"130\"><\/td>\n<td style=\"width: 14.67%; height: 112px; text-align: center; vertical-align: middle; border-bottom-color: #808080; border-right-width: 0px; border-bottom-width: 0px; border-left-width: 0px; border-bottom-style: solid; border-left-style: solid;\" align=\"center\" width=\"15%\" height=\"130\">\n<p style=\"margin-top: 0; margin-bottom: 0;\"><a title=\"AutoSI, els millors vehicles d'ocasi\u00f3 ...\" href=\"http:\/\/www.autosi.es\/inicio\" target=\"_blank\" rel=\"noopener noreferrer\"><br \/>\n<img decoding=\"async\" alt=\"Autosi_web\"  src=\"http:\/\/www.motorclubsabadell.com\/wp-content\/uploads\/2017\/03\/Autosi_web.png\" align=\"right\" border=\"0\" \/><\/a><\/p>\n<\/td>\n<td style=\"width: 15.23%; height: 112px; text-align: center; vertical-align: middle; border-bottom-color: #808080; border-right-width: 0px; border-bottom-width: 0px; border-left-width: 0px; border-bottom-style: solid; border-left-style: solid;\" align=\"center\" width=\"15%\" height=\"130\">\n<p style=\"margin-top: 0; margin-bottom: 0;\"><a title=\"Difisa Racing - Venda i preparaci\u00f3 Abarth !!\" href=\"http:\/\/www.difisaracing.com\/\" target=\"_blank\" rel=\"noopener noreferrer\"><br \/>\n<img decoding=\"async\" alt=\"Difisa_web\"  src=\"http:\/\/www.motorclubsabadell.com\/wp-content\/uploads\/2017\/03\/Difisa_web.png\" align=\"right\" border=\"0\" \/><\/a><\/p>\n<\/td>\n<td style=\"width: 24.6357%; height: 112px; text-align: center; vertical-align: middle; border-bottom: 0px solid #808080; border-left: 0px solid #808080; border-right-width: 0px;\" align=\"center\" width=\"25%\" height=\"130\">\n<p style=\"margin-top: 0; margin-bottom: 0;\"><u><img loading=\"lazy\" decoding=\"async\" class=\"aligncenter\" src=\"http:\/\/www.motorclubsabadell.com\/Documents\/2020_Llana\/Placa_2020_200px.png\" alt=\"Placa 2020 provisional\" width=\"200\" height=\"100\" align=\"middle\" \/><\/u><\/p>\n<\/td>\n<td style=\"width: 12.0068%; height: 112px; text-align: center; vertical-align: middle; border-right-width: 1px; border-bottom-width: 0px;\" width=\"11%\" height=\"130\">\n<p style=\"margin-top: 0; margin-bottom: 0;\"><a title=\"Urp\u00ed Sport - Reparaci\u00f3 i preparaci\u00f3 de Porsche de carrer i de competici\u00f3\" href=\"http:\/\/www.urpisport.cat\/\" target=\"_blank\" rel=\"noopener noreferrer\"><br \/>\n<img decoding=\"async\" alt=\"Urpi_sport_web\"  src=\"http:\/\/www.motorclubsabadell.com\/wp-content\/uploads\/2017\/03\/Urpi_sport_web.png\" border=\"0\" \/><\/a><\/p>\n<\/td>\n<td style=\"width: 11.5026%; height: 112px; text-align: center; vertical-align: middle; border-right-width: 1px; border-bottom-width: 0px;\" width=\"11%\" height=\"130\">\n<p style=\"margin-top: 0; margin-bottom: 0;\"><a title=\"HILDEGAR L\u00e0ser - El millor servei amb la millor qualitat en tall de peces met\u00e0l\u00b7liques per l\u00e0ser\" href=\"http:\/\/hidegar.com\/ca\/\" target=\"_blank\" rel=\"noopener noreferrer\"><br \/>\n<img decoding=\"async\" alt=\"Hidegar_web\"  src=\"http:\/\/www.motorclubsabadell.com\/wp-content\/uploads\/2017\/03\/Hidegar_web.png\" border=\"0\" \/><\/a><\/p>\n<\/td>\n<td style=\"width: 12.9043%; height: 112px; text-align: center; vertical-align: middle; border-right-width: 1px; border-bottom-width: 0px;\" width=\"11%\" height=\"130\">\n<p style=\"margin-top: 0; margin-bottom: 0;\"><a title=\"AFB Motorsport - Siempre contigo a pie de pista... Equipaciones completas (Cascos, Hans, Monos, Botas, Guantes, Ropa interior Ignifuga, Costillares y Collarines) de las mismas caracter\u00edsticas y modelos que utilizan los profesionales del mundo del Motorsport, F1 y Karting. Marcas top como Alpinestars y Bell.\" href=\"https:\/\/afbmotorsport.com\/\" target=\"_blank\" rel=\"noopener noreferrer\"><br \/>\n<img decoding=\"async\" alt=\"logo_AFB_web_2\"  src=\"http:\/\/www.motorclubsabadell.com\/Documents\/2020_Llana\/Logos\/logo_AFB_web_2.png\" border=\"0\" \/><\/a><\/p>\n<\/td>\n<td style=\"width: 1%; height: 112px;\" align=\"center\" height=\"130\"><\/td>\n<\/tr>\n<\/tbody>\n<\/table>\n<\/div>\n<div>\n<table id=\"table16\" style=\"text-align: center; margin-top: 0; margin-bottom: 0;\" width=\"98%\" cellspacing=\"0\" cellpadding=\"0\">\n<tbody>\n<tr>\n<td style=\"width: 34%; border: 1px solid #C0C0C0;\" align=\"center\" bgcolor=\"#f4f4f4\" height=\"25\">\n<p style=\"margin-top: 3px; margin-bottom: 0;\" align=\"center\"><span style=\"font-size: 12pt;\">XXI Ral\u00b7li de la Llana Trofeu AUTOSI\u00a0 &#8211; \u00a026 de setembre de 2020<br \/>\n<strong>Trofeu de Catalunya de Ral\u00b7lisprints d&#8217;Asfalt<\/strong><\/span><\/p>\n<\/td>\n<\/tr>\n<\/tbody>\n<\/table>\n<\/div>\n<table id=\"table18\" style=\"height: 545px; border-collapse: collapse; width: 98%;\" border=\"0\" width=\"98%\" cellpadding=\"0\">\n<tbody>\n<tr style=\"height: 24px;\">\n<td class=\"navtxt\" style=\"width: 97.57%; border-right-color: #c0c0c0; border-left-color: #c0c0c0; height: 24px;\" colspan=\"3\" height=\"20\"><\/td>\n<\/tr>\n<tr style=\"height: 100px;\">\n<td class=\"navtxt\" style=\"width: 1.69%; border-right-color: #c0c0c0; border-left-color: #c0c0c0; height: 160px;\"><\/td>\n<td class=\"navtxt\" style=\"width: 94.88%; border-right-color: #c0c0c0; border-left-color: #c0c0c0; height: 160px;\">\n<p style=\"margin-top: 0; margin-bottom: 0;\"><strong>Instruccions per inscriure&#8217;s:<\/strong><\/p>\n<p style=\"margin-top: 0; margin-bottom: 0;\">&#8211; Degut a la pand\u00e8mia de <strong>Covid-19<\/strong>, la Generalitat i la FCA han creat uns protocols que cal seguir-los per a participar en les proves esportives (a baix de tot el teniu, cal llegir-lo i respectar-lo)<span style=\"font-family: inherit; font-size: inherit;\">.<\/span><\/p>\n<p style=\"margin-top: 0; margin-bottom: 0;\"><span style=\"font-family: inherit; font-size: inherit;\">&#8211; Tamb\u00e9 s&#8217;ha nomenat un &#8220;Coordinador de mesures de prevenci\u00f3 del Covid-19&#8221;.<br \/>\n<\/span>&#8211; Tot aquest protocol servir\u00e0 perqu\u00e8 en cas de contagis es pugui fer el rastreig pertinent pel personal sanitari de la Generalitat.<\/p>\n<\/td>\n<td class=\"navtxt\" style=\"width: 1%; border-right-color: #c0c0c0; border-left-color: #c0c0c0; height: 160px;\"><\/td>\n<\/tr>\n<tr style=\"height: 210px;\">\n<td class=\"navtxt\" style=\"width: 1.69%; border-right-color: #c0c0c0; border-left-color: #c0c0c0; height: 310px;\"><\/td>\n<td class=\"navtxt\" style=\"width: 94.88%; border-right-color: #c0c0c0; border-left-color: #c0c0c0; height: 310px;\">\n<p style=\"margin-top: 2px; margin-bottom: 2px;\" align=\"justify\"><strong>Documents necessaris per inscriure&#8217;s i enviar-nos a:\u00a0 \u00a0 <\/strong><a href=\"mailto:mcs@motorclubsabadell.com\">mcs@motorclubsabadell.com<\/a><\/p>\n<p style=\"margin-top: 2px; margin-bottom: 2px;\" align=\"justify\">1 &#8211; Full d&#8217;inscripci\u00f3 de la FCA\u00a0<span style=\"color: #ff0000;\"><strong> (TANCADES !!!!)<\/strong><\/span><\/p>\n<p style=\"margin-top: 2px; margin-bottom: 2px;\" align=\"justify\">2 &#8211; Justificant del pagament de la inscripci\u00f3.<\/p>\n<p style=\"margin-top: 2px; margin-bottom: 2px;\" align=\"justify\">3 &#8211; Fitxa d&#8217;equipament de seguretat de pilot i copilot:\u00a0 \u00a0<a href=\"http:\/\/www.motorclubsabadell.com\/Documents\/2020_Llana\/Covid-19\/Formulari_Fitxa_Equipament_FCA_Llana_2020.docx\" target=\"_blank\" rel=\"noopener noreferrer\">CLIC AQU\u00cd<\/a><br \/>\n<span style=\"color: #999999;\">(<em>Est\u00e0 fet &#8220;.docx&#8221;, Word 2007. Si utilitzes versions anteriors o altres Office&#8217;s, pot ser que els desplegables no funcionin b\u00e9. Llavors caldr\u00e0 que repiqueu les normes FIA lletra per lletra<\/em>)<\/span><br \/>\n&#8211; Aix\u00f2 \u00e9s per estalviar-ho a les verificacions t\u00e8cniques, i en qualsevol moment de la prova, els Comissaris T\u00e8cnics podran verificar que l\u2019equipament coincideixi amb el de les fitxes d&#8217;equipament que ens haureu enviat.<\/p>\n<p style=\"margin-top: 2px; margin-bottom: 2px;\" align=\"justify\">4 &#8211; Formulari &#8220;Declaraci\u00f3 de risc del Covid-19&#8221;: <span style=\"color: #999999;\">\u00a0 \u00a0<img loading=\"lazy\" decoding=\"async\" alt=\"Acroreader\"  alt=\"Acroreader\"  src=\"http:\/\/www.motorclubsabadell.com\/Antiga\/imatges\/antigues\/Acroreader.gif\" width=\"14\" height=\"14\" align=\"top\" border=\"0\" \/> <a href=\"http:\/\/www.motorclubsabadell.com\/Documents\/2020_Llana\/Covid-19\/DECLARACIO-RISC-COVID-LLANA-2020.pdf\" target=\"_blank\" rel=\"noopener noreferrer\">Descarregar PDF<\/a>\u00a0\u00a0\u00a0 \u00a0 <img loading=\"lazy\" decoding=\"async\" alt=\"Word2\"  src=\"http:\/\/www.motorclubsabadell.com\/Antiga\/imatges\/antigues\/Word2.gif\" width=\"16\" height=\"16\" align=\"top\" border=\"0\" \/> <a href=\"http:\/\/www.motorclubsabadell.com\/Documents\/2020_Llana\/Covid-19\/DECLARACIO-RISC-COVID-LLANA-2020.doc\" target=\"_blank\" rel=\"noopener noreferrer\">Descarregar WORD<\/a><\/span><\/p>\n<p style=\"margin-top: 2px; margin-bottom: 2px;\" align=\"justify\"><span style=\"font-family: inherit; font-size: inherit;\">&#8211; Per pilot, copilot, i per cadascuna de les persones que estaran a l&#8217;assist\u00e8ncia. Apart de pilot i copilot hi poden haver un m\u00e0xim de 4 persones m\u00e9s, amb acreditaci\u00f3 que els proporcionarem).<br \/>\n<\/span><\/p>\n<\/td>\n<td class=\"navtxt\" style=\"width: 1%; border-right-color: #c0c0c0; border-left-color: #c0c0c0; height: 310px;\"><\/td>\n<\/tr>\n<tr style=\"height: 128px;\">\n<td style=\"height: 51px;\"><\/td>\n<td style=\"height: 51px;\">\n<p style=\"margin-top: 0; margin-bottom: 0;\"><strong>Protocol MCS V-2, per la prevenci\u00f3 de contagis per Covid-19:\u00a0 <span style=\"color: #999999;\">\u00a0<img loading=\"lazy\" decoding=\"async\" alt=\"Acroreader\"  alt=\"Acroreader\"  src=\"http:\/\/www.motorclubsabadell.com\/Antiga\/imatges\/antigues\/Acroreader.gif\" width=\"14\" height=\"14\" align=\"top\" border=\"0\" \/>\u00a0 <a href=\"http:\/\/www.motorclubsabadell.com\/Documents\/2020_Llana\/Covid-19\/Protocol_Covid_Llana_2020_V2.pdf\" target=\"_blank\" rel=\"noopener noreferrer\">Descarregar PDF<\/a><\/span><\/strong><\/p>\n<p style=\"margin-top: 0; margin-bottom: 0;\">&#8211; AFEGIT (Plana 6): Acc\u00e9s al recinte.<br \/>\n&#8211; D&#8217;OBLIGADA LECTURA i cal RESPECTAR-LO !!!<\/p>\n<\/td>\n<td class=\"navtxt\" style=\"width: 1%; border-right-color: #c0c0c0; border-left-color: #c0c0c0; height: 51px;\" height=\"46\"><\/td>\n<\/tr>\n<\/tbody>\n<\/table>\n<p>&nbsp;<\/p>\n","protected":false},"excerpt":{"rendered":"<p>XXI Ral\u00b7li de la Llana Trofeu AUTOSI\u00a0 &#8211; \u00a026 de setembre de 2020 Trofeu de Catalunya de Ral\u00b7lisprints d&#8217;Asfalt Instruccions per inscriure&#8217;s: &#8211; Degut a la pand\u00e8mia de&#8230;<\/p>\n","protected":false},"author":1,"featured_media":0,"parent":0,"menu_order":0,"comment_status":"closed","ping_status":"closed","template":"","meta":{"footnotes":""},"class_list":["post-3340","page","type-page","status-publish","hentry"],"_links":{"self":[{"href":"https:\/\/www.motorclubsabadell.com\/index.php\/wp-json\/wp\/v2\/pages\/3340","targetHints":{"allow":["GET"]}}],"collection":[{"href":"https:\/\/www.motorclubsabadell.com\/index.php\/wp-json\/wp\/v2\/pages"}],"about":[{"href":"https:\/\/www.motorclubsabadell.com\/index.php\/wp-json\/wp\/v2\/types\/page"}],"author":[{"embeddable":true,"href":"https:\/\/www.motorclubsabadell.com\/index.php\/wp-json\/wp\/v2\/users\/1"}],"replies":[{"embeddable":true,"href":"https:\/\/www.motorclubsabadell.com\/index.php\/wp-json\/wp\/v2\/comments?post=3340"}],"version-history":[{"count":36,"href":"https:\/\/www.motorclubsabadell.com\/index.php\/wp-json\/wp\/v2\/pages\/3340\/revisions"}],"predecessor-version":[{"id":3482,"href":"https:\/\/www.motorclubsabadell.com\/index.php\/wp-json\/wp\/v2\/pages\/3340\/revisions\/3482"}],"wp:attachment":[{"href":"https:\/\/www.motorclubsabadell.com\/index.php\/wp-json\/wp\/v2\/media?parent=3340"}],"curies":[{"name":"wp","href":"https:\/\/api.w.org\/{rel}","templated":true}]}}