{"id":2952,"date":"2019-09-12T20:42:24","date_gmt":"2019-09-12T18:42:24","guid":{"rendered":"http:\/\/www.motorclubsabadell.com\/?page_id=2952"},"modified":"2019-09-13T11:47:46","modified_gmt":"2019-09-13T09:47:46","slug":"assistencia-2019","status":"publish","type":"page","link":"https:\/\/www.motorclubsabadell.com\/index.php\/assistencia-2019\/","title":{"rendered":"Assist\u00e8ncia 2019"},"content":{"rendered":"<div>\n<table id=\"table1\" style=\"height: 112px; width: 98%;\" width=\"98%\" cellspacing=\"0\" cellpadding=\"0\">\n<tbody>\n<tr>\n<td style=\"width: 1%;\" align=\"center\"><\/td>\n<td style=\"width: 12.6%; border-bottom-color: #808080; border-right-width: 0px; border-bottom-width: 0px; border-left-width: 0px; border-bottom-style: solid; border-left-style: solid;\" align=\"center\" width=\"15%\"><\/td>\n<td style=\"width: 12.99%; border-bottom-color: #808080; border-right-width: 0px; border-bottom-width: 0px; border-left-width: 0px; border-bottom-style: solid; border-left-style: solid;\" align=\"center\" width=\"15%\"><\/td>\n<td style=\"width: 8.19%; border-bottom-color: #808080; border-left-color: #808080; border-right-width: 0px; border-bottom-width: 0px; border-left-width: 0px; border-bottom-style: solid; border-left-style: solid;\" align=\"center\" width=\"25%\"><\/td>\n<td style=\"width: 18.71%; border-right-width: 1px; border-bottom-width: 0px;\" width=\"13%\"><\/td>\n<td style=\"width: 12.62%; border-right-width: 1px; border-bottom-width: 0px;\" width=\"11%\"><\/td>\n<td style=\"width: 12.85%;\" align=\"center\"><\/td>\n<td style=\"width: 12.81%; text-align: right; border-right-width: 1px; border-bottom-width: 0px;\" width=\"11%\"><a href=\"http:\/\/www.motorclubsabadell.com\/\">Tornar enrere<\/a><\/td>\n<\/tr>\n<tr style=\"height: 112px;\">\n<td style=\"width: 1.31%; height: 112px;\" align=\"center\" height=\"130\"><\/td>\n<td style=\"width: 14.67%; height: 112px; text-align: center; vertical-align: middle; border-bottom-color: #808080; border-right-width: 0px; border-bottom-width: 0px; border-left-width: 0px; border-bottom-style: solid; border-left-style: solid;\" align=\"center\" width=\"15%\" height=\"130\">\n<p style=\"margin-top: 0; margin-bottom: 0;\"><a title=\"AutoSI, els millors vehicles d'ocasi\u00f3 ...\" href=\"http:\/\/www.autosi.es\/inicio\" target=\"_blank\" rel=\"noopener noreferrer\"><br \/>\n<img decoding=\"async\" alt=\"Autosi_web\"  src=\"http:\/\/www.motorclubsabadell.com\/wp-content\/uploads\/2017\/03\/Autosi_web.png\" align=\"right\" border=\"0\" \/><\/a><\/p>\n<\/td>\n<td style=\"width: 15.23%; height: 112px; text-align: center; vertical-align: middle; border-bottom-color: #808080; border-right-width: 0px; border-bottom-width: 0px; border-left-width: 0px; border-bottom-style: solid; border-left-style: solid;\" align=\"center\" width=\"15%\" height=\"130\">\n<p style=\"margin-top: 0; margin-bottom: 0;\"><a title=\"Difisa Racing - Venda i preparaci\u00f3 Abarth !!\" href=\"http:\/\/www.difisaracing.com\/\" target=\"_blank\" rel=\"noopener noreferrer\"><br \/>\n<img decoding=\"async\" alt=\"Difisa_web\"  src=\"http:\/\/www.motorclubsabadell.com\/wp-content\/uploads\/2017\/03\/Difisa_web.png\" align=\"right\" border=\"0\" \/><\/a><\/p>\n<\/td>\n<td style=\"width: 11.4411%; height: 112px; text-align: center; vertical-align: middle; border-bottom: 0px solid #808080; border-right-width: 0px; border-left-width: 0px; border-left-style: solid;\" align=\"center\" width=\"15%\" height=\"130\">\n<p style=\"margin-top: 0; margin-bottom: 0;\"><a title=\"Web oficial del Trofeu Rally Legend Cup ... el campionat de cl\u00e0ssics !!!\" href=\"http:\/\/www.rallylegendcup.com\/\" target=\"_blank\" rel=\"noopener noreferrer\"><br \/>\n<img loading=\"lazy\" decoding=\"async\" src=\"http:\/\/www.motorclubsabadell.com\/Antiga\/imatges\/Logos\/RLC_Iteria_75.png\" alt=\"Web oficial del Trofeu Rally Legend Cup ... el campionat de cl\u00e0ssics !!!\" width=\"75\" height=\"75\" align=\"middle\" border=\"0\" \/><\/a><\/p>\n<\/td>\n<td style=\"width: 20.0748%; height: 112px; text-align: center; vertical-align: middle; border-bottom: 0px solid #808080; border-left: 0px solid #808080; border-right-width: 0px;\" align=\"center\" width=\"25%\" height=\"130\">\n<p style=\"margin-top: 0; margin-bottom: 0;\"><u><img loading=\"lazy\" decoding=\"async\" class=\"aligncenter\" src=\"http:\/\/www.motorclubsabadell.com\/Documents\/2019_Llana\/Placa_2019_200px.png\" alt=\"Placa 2018\" width=\"200\" height=\"94\" align=\"middle\" \/><\/u><\/p>\n<\/td>\n<td style=\"width: 13.0312%; height: 112px; text-align: center; vertical-align: middle; border-right-width: 1px; border-bottom-width: 0px;\" width=\"13%\" height=\"130\">\n<p style=\"margin-top: 0; margin-bottom: 0;\"><a title=\"Michelin, els teus pnaum\u00e0tics preferits !!\" href=\"https:\/\/www.michelin.es\/\" target=\"_blank\" rel=\"noopener noreferrer\"><br \/>\n<img loading=\"lazy\" decoding=\"async\" alt=\"Mitchelin_web\"  src=\"http:\/\/www.motorclubsabadell.com\/Documents\/2019_Llana\/Mitchelin_web.png\" width=\"115\" height=\"70\" align=\"middle\" border=\"0\" \/><\/a><\/p>\n<\/td>\n<td style=\"width: 11.5064%; height: 112px; text-align: center; vertical-align: middle; border-right-width: 1px; border-bottom-width: 0px;\" width=\"11%\" height=\"130\">\n<p style=\"margin-top: 0; margin-bottom: 0;\"><a title=\"Urp\u00ed Sport - Reparaci\u00f3 i preparaci\u00f3 de Porsche de carrer i de competici\u00f3\" href=\"http:\/\/www.urpisport.cat\/\" target=\"_blank\" rel=\"noopener noreferrer\"><br \/>\n<img decoding=\"async\" alt=\"Urpi_sport_web\"  src=\"http:\/\/www.motorclubsabadell.com\/wp-content\/uploads\/2017\/03\/Urpi_sport_web.png\" border=\"0\" \/><\/a><\/p>\n<\/td>\n<td style=\"width: 18.5365%; height: 112px; text-align: center; vertical-align: middle; border-right-width: 1px; border-bottom-width: 0px;\" width=\"11%\" height=\"130\">\n<p style=\"margin-top: 0; margin-bottom: 0;\"><a title=\"El millor servei amb la millor qualitat en tall de peces met\u00e0l\u00b7liques per l\u00e0ser\" href=\"http:\/\/hidegar.com\/ca\/\" target=\"_blank\" rel=\"noopener noreferrer\"><br \/>\n<img decoding=\"async\" alt=\"Hidegar_web\"  src=\"http:\/\/www.motorclubsabadell.com\/wp-content\/uploads\/2017\/03\/Hidegar_web.png\" border=\"0\" \/><\/a><\/p>\n<\/td>\n<td style=\"width: 1%; height: 112px;\" align=\"center\" height=\"130\"><\/td>\n<\/tr>\n<\/tbody>\n<\/table>\n<\/div>\n<div>\n<table id=\"table16\" style=\"text-align: center; margin-top: 0; margin-bottom: 0;\" width=\"98%\" cellspacing=\"0\" cellpadding=\"0\">\n<tbody>\n<tr>\n<td style=\"width: 34%; border: 1px solid #C0C0C0;\" align=\"center\" bgcolor=\"#f4f4f4\" height=\"25\">\n<p style=\"margin-top: 3px; margin-bottom: 0;\" align=\"center\"><span style=\"font-size: 12pt;\">XX Ral\u00b7li de la Llana Trofeu Autosi\u00a0 &#8211; \u00a014 de setembre de 2019<\/span><\/p>\n<\/td>\n<\/tr>\n<\/tbody>\n<\/table>\n<\/div>\n<table id=\"table18\" style=\"width: 98%; height: 549px; border-collapse: collapse;\" border=\"0\" width=\"98%\" cellpadding=\"0\">\n<tbody>\n<tr style=\"height: 23px;\">\n<td class=\"navtxt\" style=\"width: 97.57%; height: 23px; border-right-color: #c0c0c0; border-left-color: #c0c0c0;\" colspan=\"3\" height=\"20\"><\/td>\n<\/tr>\n<tr style=\"height: 76px;\">\n<td class=\"navtxt\" style=\"width: 1.69%; height: 76px; border-right-color: #c0c0c0; border-left-color: #c0c0c0;\"><\/td>\n<td class=\"navtxt\" style=\"width: 94.88%; height: 76px; border-right-color: #c0c0c0; border-left-color: #c0c0c0;\">\n<p style=\"margin-top: 0; margin-bottom: 0;\"><strong>Parc d&#8217;assist\u00e8ncies:<\/strong> Ubicaci\u00f3 de Google Maps: <a class=\"navtxt\" href=\"https:\/\/goo.gl\/maps\/wvUkYfnGsjq\" target=\"_blank\" rel=\"noopener noreferrer\">Aqu\u00ed<\/a><\/p>\n<\/td>\n<td class=\"navtxt\" style=\"width: 1%; height: 76px; border-right-color: #c0c0c0; border-left-color: #c0c0c0;\"><\/td>\n<\/tr>\n<tr style=\"height: 10px;\">\n<td class=\"navtxt\" style=\"width: 1.69%; height: 10px; border-right-color: #c0c0c0; border-left-color: #c0c0c0;\"><\/td>\n<td class=\"navtxt\" style=\"width: 94.88%; height: 10px; border-right-color: #c0c0c0; border-left-color: #c0c0c0;\">\n<p align=\"justify\">\n<\/td>\n<td class=\"navtxt\" style=\"width: 1%; height: 10px; border-right-color: #c0c0c0; border-left-color: #c0c0c0;\"><\/td>\n<\/tr>\n<tr style=\"height: 368px;\">\n<td style=\"width: 1.69%; border-right-color: #c0c0c0; border-left-color: #c0c0c0; height: 368px;\"><\/td>\n<td style=\"width: 94.88%; border-right-color: #c0c0c0; border-left-color: #c0c0c0; height: 368px;\"><strong>IMPORTANT<\/strong>: Degut a l\u2019alta participaci\u00f3, us hem anat trucant per saber quin espai necessiteu i heu demanat, per tant:<br \/>\n\u00bb Hem confeccionat aquest pl\u00e0nol (el de sota a la dreta) amb els espais numerats amb <strong>els DORSALS<\/strong>.<br \/>\n\u00bb Hem fet una llista amb l\u2019espai i dorsal assignat a cada participant, i la tindr\u00e0 una persona a l\u2019entrada del Parc, per poder-ho controlar.<\/p>\n<hr \/>\n<p>\u2013 Respecteu l\u2019espai assignat, si <strong>no feu us dels espais del costat<\/strong>, els companys del vostre costat es veuran afectats, respecteu-nos tots, gr\u00e0cies, qualsevol problema busqueu al responsable del Parc d\u2019Assist\u00e8ncia i es buscar\u00e0 la millor soluci\u00f3.<br \/>\n\u2013 Estar\u00e0 TOTALMENT PROHIBIT entrar amb cap altre vehicle que no sigui el de l\u2019assist\u00e8ncia que ens veu dir, o els vehicles dels participants.<br \/>\n\u2013 Estar\u00e0 TOTALMENT PROHIBIT entrar remolcs o grues, tot l\u2019espai ser\u00e1 ocupat per vehicles d\u2019assist\u00e8ncia i vehicles participants.<br \/>\n\u2013 Procureu deixar els accesos i els passadissos lliures per facilitar la circulaci\u00f3 dels vehicles participants i dels espectadors.<br \/>\n\u2013 Feu servir els contenidors per deixar les escombreries i aix\u00ed entre tots deixarem l\u2019espai net.<\/p>\n<p>Contenidor Marr\u00f3n &#8211; Desfetes org\u00e0niques<br \/>\nContenidor Groc &#8211; Restes de plastics<br \/>\nContenidor Gris &#8211; Escombraries.<\/p>\n<p>\u2013 Teniu WC\u2019s a la vostre dispossici\u00f3, feu-ne \u00fas i deixeu-los com us agradar\u00eda trobar-los, gr\u00e0cies.<\/p>\n<ul>\n<li><span style=\"color: #ff0000;\"><b>Vehicles sense espai asignat:<\/b><\/span><\/li>\n<\/ul>\n<p><b>38, 68, 104, 105, 112, 207, 208, 209, 212, 217, 218, 220, 221, 222<\/b><\/p>\n<ul>\n<li><b>Mides de l\u2019espai d\u2019assist\u00e8ncia.<\/b><\/li>\n<\/ul>\n<p><b><span style=\"color: #ff0000;\">Els espais assignats s\u00f3n els seg\u00fcents:<\/span><br \/>\n1 Cotxe:\u00a0 \u00a06 X 5<br \/>\n2 Cotxes: 9 X 5<br \/>\n3 Cotxes: 12 X 5<br \/>\n4 Cotxes: 15 X 5<br \/>\n5 Cotxes: 18 X 5<br \/>\n6 Cotxes: 21 X 5<br \/>\n7 Cotxes: 24 X 5<br \/>\n8 Cotxes: 27 X 5<br \/>\n<\/b><b>9 Cotxes: 30 X 5<br \/>\n10 Cotxes: 33 X 5<\/b><\/td>\n<td style=\"width: 1%; border-right-color: #c0c0c0; border-left-color: #c0c0c0; height: 368px;\"><\/td>\n<\/tr>\n<tr style=\"height: 72px;\">\n<td class=\"navtxt\" style=\"width: 1.69%; height: 72px; border-right-color: #c0c0c0; border-left-color: #c0c0c0;\"><\/td>\n<td class=\"navtxt\" style=\"width: 94.88%; height: 72px; border-right-color: #c0c0c0; border-left-color: #c0c0c0;\">Pl\u00e0nols:<\/p>\n<p style=\"text-align: center;\"><a class=\"boxersandswipers\" href=\"http:\/\/www.motorclubsabadell.com\/Documents\/2019_Llana\/Assistencia_2019.jpg\" target=\"_blank\" rel=\"noopener noreferrer\"><img loading=\"lazy\" decoding=\"async\" src=\"http:\/\/www.motorclubsabadell.com\/Documents\/2019_Llana\/Assistencia_2019.jpg\" alt=\"Pl\u00e0nol aeri\" width=\"250\" height=\"192\" align=\"middle\" border=\"0\" hspace=\"1\" vspace=\"1\" \/><\/a>\u00a0\u00a0 <a class=\"boxersandswipers\" href=\"http:\/\/www.motorclubsabadell.com\/Documents\/2019_Llana\/Espais_Assistencia_2019.jpg\" target=\"_blank\" rel=\"noopener noreferrer\"><img loading=\"lazy\" decoding=\"async\" src=\"http:\/\/www.motorclubsabadell.com\/Documents\/2019_Llana\/Espais_Assistencia_2019.jpg\" alt=\"Pl\u00e0nol entrada\" width=\"250\" height=\"135\" align=\"middle\" border=\"0\" hspace=\"1\" vspace=\"1\" \/><\/a><\/p>\n<\/td>\n<td class=\"navtxt\" style=\"width: 1%; height: 72px; border-right-color: #c0c0c0; border-left-color: #c0c0c0;\"><\/td>\n<\/tr>\n<\/tbody>\n<\/table>\n","protected":false},"excerpt":{"rendered":"<p>Tornar enrere XX Ral\u00b7li de la Llana Trofeu Autosi\u00a0 &#8211; \u00a014 de setembre de 2019 Parc d&#8217;assist\u00e8ncies: Ubicaci\u00f3 de Google Maps: Aqu\u00ed IMPORTANT: Degut a l\u2019alta participaci\u00f3, us&#8230;<\/p>\n","protected":false},"author":1,"featured_media":0,"parent":0,"menu_order":0,"comment_status":"closed","ping_status":"closed","template":"","meta":{"footnotes":""},"class_list":["post-2952","page","type-page","status-publish","hentry"],"_links":{"self":[{"href":"https:\/\/www.motorclubsabadell.com\/index.php\/wp-json\/wp\/v2\/pages\/2952","targetHints":{"allow":["GET"]}}],"collection":[{"href":"https:\/\/www.motorclubsabadell.com\/index.php\/wp-json\/wp\/v2\/pages"}],"about":[{"href":"https:\/\/www.motorclubsabadell.com\/index.php\/wp-json\/wp\/v2\/types\/page"}],"author":[{"embeddable":true,"href":"https:\/\/www.motorclubsabadell.com\/index.php\/wp-json\/wp\/v2\/users\/1"}],"replies":[{"embeddable":true,"href":"https:\/\/www.motorclubsabadell.com\/index.php\/wp-json\/wp\/v2\/comments?post=2952"}],"version-history":[{"count":10,"href":"https:\/\/www.motorclubsabadell.com\/index.php\/wp-json\/wp\/v2\/pages\/2952\/revisions"}],"predecessor-version":[{"id":3513,"href":"https:\/\/www.motorclubsabadell.com\/index.php\/wp-json\/wp\/v2\/pages\/2952\/revisions\/3513"}],"wp:attachment":[{"href":"https:\/\/www.motorclubsabadell.com\/index.php\/wp-json\/wp\/v2\/media?parent=2952"}],"curies":[{"name":"wp","href":"https:\/\/api.w.org\/{rel}","templated":true}]}}