{"id":2653,"date":"2019-07-16T19:40:25","date_gmt":"2019-07-16T17:40:25","guid":{"rendered":"http:\/\/www.motorclubsabadell.com\/?page_id=2653"},"modified":"2019-09-06T13:55:28","modified_gmt":"2019-09-06T11:55:28","slug":"pre-parc-tancat-2019","status":"publish","type":"page","link":"https:\/\/www.motorclubsabadell.com\/index.php\/pre-parc-tancat-2019\/","title":{"rendered":"Pre-parc tancat 2019"},"content":{"rendered":"<div>\n<table id=\"table1\" style=\"height: 112px; width: 98%;\" width=\"98%\" cellspacing=\"0\" cellpadding=\"0\">\n<tbody>\n<tr>\n<td style=\"width: 1%;\" align=\"center\"><\/td>\n<td style=\"width: 12.6%; border-bottom-color: #808080; border-right-width: 0px; border-bottom-width: 0px; border-left-width: 0px; border-bottom-style: solid; border-left-style: solid;\" align=\"center\" width=\"15%\"><\/td>\n<td style=\"width: 12.99%; border-bottom-color: #808080; border-right-width: 0px; border-bottom-width: 0px; border-left-width: 0px; border-bottom-style: solid; border-left-style: solid;\" align=\"center\" width=\"15%\"><\/td>\n<td style=\"width: 8.19%; border-bottom-color: #808080; border-left-color: #808080; border-right-width: 0px; border-bottom-width: 0px; border-left-width: 0px; border-bottom-style: solid; border-left-style: solid;\" align=\"center\" width=\"25%\"><\/td>\n<td style=\"width: 18.71%; border-right-width: 1px; border-bottom-width: 0px;\" width=\"13%\"><\/td>\n<td style=\"width: 12.62%; border-right-width: 1px; border-bottom-width: 0px;\" width=\"11%\"><\/td>\n<td style=\"width: 12.85%;\" align=\"center\"><\/td>\n<td style=\"width: 12.81%; text-align: right; border-right-width: 1px; border-bottom-width: 0px;\" width=\"11%\"><a href=\"http:\/\/www.motorclubsabadell.com\/\">Tornar enrere<\/a><\/td>\n<\/tr>\n<tr style=\"height: 112px;\">\n<td style=\"width: 1.31%; height: 112px;\" align=\"center\" height=\"130\"><\/td>\n<td style=\"width: 14.67%; height: 112px; text-align: center; vertical-align: middle; border-bottom-color: #808080; border-right-width: 0px; border-bottom-width: 0px; border-left-width: 0px; border-bottom-style: solid; border-left-style: solid;\" align=\"center\" width=\"15%\" height=\"130\">\n<p style=\"margin-top: 0; margin-bottom: 0;\"><a title=\"AutoSI, els millors vehicles d'ocasi\u00f3 ...\" href=\"http:\/\/www.autosi.es\/inicio\" target=\"_blank\" rel=\"noopener noreferrer\"><br \/>\n<img decoding=\"async\" alt=\"Autosi_web\"  src=\"http:\/\/www.motorclubsabadell.com\/wp-content\/uploads\/2017\/03\/Autosi_web.png\" align=\"right\" border=\"0\" \/><\/a><\/p>\n<\/td>\n<td style=\"width: 15.23%; height: 112px; text-align: center; vertical-align: middle; border-bottom-color: #808080; border-right-width: 0px; border-bottom-width: 0px; border-left-width: 0px; border-bottom-style: solid; border-left-style: solid;\" align=\"center\" width=\"15%\" height=\"130\">\n<p style=\"margin-top: 0; margin-bottom: 0;\"><a title=\"Difisa Racing - Venda i preparaci\u00f3 Abarth !!\" href=\"http:\/\/www.difisaracing.com\/\" target=\"_blank\" rel=\"noopener noreferrer\"><br \/>\n<img decoding=\"async\" alt=\"Difisa_web\"  src=\"http:\/\/www.motorclubsabadell.com\/wp-content\/uploads\/2017\/03\/Difisa_web.png\" align=\"right\" border=\"0\" \/><\/a><\/p>\n<\/td>\n<td style=\"width: 11.4411%; height: 112px; text-align: center; vertical-align: middle; border-bottom: 0px solid #808080; border-right-width: 0px; border-left-width: 0px; border-left-style: solid;\" align=\"center\" width=\"15%\" height=\"130\">\n<p style=\"margin-top: 0; margin-bottom: 0;\"><a title=\"Web oficial del Trofeu Rally Legend Cup ... el campionat de cl\u00e0ssics !!!\" href=\"http:\/\/www.rallylegendcup.com\/\" target=\"_blank\" rel=\"noopener noreferrer\"><br \/>\n<img loading=\"lazy\" decoding=\"async\" src=\"http:\/\/www.motorclubsabadell.com\/Antiga\/imatges\/Logos\/RLC_Iteria_75.png\" alt=\"Web oficial del Trofeu Rally Legend Cup ... el campionat de cl\u00e0ssics !!!\" width=\"75\" height=\"75\" align=\"middle\" border=\"0\" \/><\/a><\/p>\n<\/td>\n<td style=\"width: 20.0748%; height: 112px; text-align: center; vertical-align: middle; border-bottom: 0px solid #808080; border-left: 0px solid #808080; border-right-width: 0px;\" align=\"center\" width=\"25%\" height=\"130\">\n<p style=\"margin-top: 0; margin-bottom: 0;\"><u><img loading=\"lazy\" decoding=\"async\" class=\"aligncenter\" src=\"http:\/\/www.motorclubsabadell.com\/Documents\/2019_Llana\/Placa_2019_200px.png\" alt=\"Placa 2018\" width=\"200\" height=\"94\" align=\"middle\" \/><\/u><\/p>\n<\/td>\n<td style=\"width: 13.0312%; height: 112px; text-align: center; vertical-align: middle; border-right-width: 1px; border-bottom-width: 0px;\" width=\"13%\" height=\"130\">\n<p style=\"margin-top: 0; margin-bottom: 0;\"><a title=\"Michelin, els teus pnaum\u00e0tics preferits !!\" href=\"https:\/\/www.michelin.es\/\" target=\"_blank\" rel=\"noopener noreferrer\"><br \/>\n<img loading=\"lazy\" decoding=\"async\" alt=\"Mitchelin_web\"  src=\"http:\/\/www.motorclubsabadell.com\/Documents\/2019_Llana\/Mitchelin_web.png\" width=\"115\" height=\"70\" align=\"middle\" border=\"0\" \/><\/a><\/p>\n<\/td>\n<td style=\"width: 11.5064%; height: 112px; text-align: center; vertical-align: middle; border-right-width: 1px; border-bottom-width: 0px;\" width=\"11%\" height=\"130\">\n<p style=\"margin-top: 0; margin-bottom: 0;\"><a title=\"Urp\u00ed Sport - Reparaci\u00f3 i preparaci\u00f3 de Porsche de carrer i de competici\u00f3\" href=\"http:\/\/www.urpisport.cat\/\" target=\"_blank\" rel=\"noopener noreferrer\"><br \/>\n<img decoding=\"async\" alt=\"Urpi_sport_web\"  src=\"http:\/\/www.motorclubsabadell.com\/wp-content\/uploads\/2017\/03\/Urpi_sport_web.png\" border=\"0\" \/><\/a><\/p>\n<\/td>\n<td style=\"width: 18.5365%; height: 112px; text-align: center; vertical-align: middle; border-right-width: 1px; border-bottom-width: 0px;\" width=\"11%\" height=\"130\">\n<p style=\"margin-top: 0; margin-bottom: 0;\"><a title=\"El millor servei amb la millor qualitat en tall de peces met\u00e0l\u00b7liques per l\u00e0ser\" href=\"http:\/\/hidegar.com\/ca\/\" target=\"_blank\" rel=\"noopener noreferrer\"><br \/>\n<img decoding=\"async\" alt=\"Hidegar_web\"  src=\"http:\/\/www.motorclubsabadell.com\/wp-content\/uploads\/2017\/03\/Hidegar_web.png\" border=\"0\" \/><\/a><\/p>\n<\/td>\n<td style=\"width: 1%; height: 112px;\" align=\"center\" height=\"130\"><\/td>\n<\/tr>\n<\/tbody>\n<\/table>\n<\/div>\n<div>\n<table id=\"table16\" style=\"text-align: center; margin-top: 0; margin-bottom: 0;\" width=\"98%\" cellspacing=\"0\" cellpadding=\"0\">\n<tbody>\n<tr>\n<td style=\"width: 34%; border: 1px solid #C0C0C0;\" align=\"center\" bgcolor=\"#f4f4f4\" height=\"25\">\n<p style=\"margin-top: 3px; margin-bottom: 0;\" align=\"center\"><span style=\"font-size: 12pt;\">XX Ral\u00b7li de la Llana Trofeu Autosi\u00a0 &#8211; \u00a014 de setembre de 2019<\/span><\/p>\n<\/td>\n<\/tr>\n<\/tbody>\n<\/table>\n<\/div>\n<div>\n<table id=\"table18\" style=\"border-collapse: collapse; width: 98%;\" border=\"0\" width=\"98%\" cellpadding=\"0\">\n<tbody>\n<tr style=\"height: 23px;\">\n<td class=\"navtxt\" style=\"width: 97.57%; height: 23px; border-right-color: #c0c0c0; border-left-color: #c0c0c0;\" colspan=\"3\" height=\"20\"><\/td>\n<\/tr>\n<tr style=\"height: 76px;\">\n<td class=\"navtxt\" style=\"width: 1.69%; height: 76px; border-right-color: #c0c0c0; border-left-color: #c0c0c0;\"><\/td>\n<td class=\"navtxt\" style=\"width: 94.88%; height: 76px; border-right-color: #c0c0c0; border-left-color: #c0c0c0;\">\n<p style=\"margin-top: 0px; margin-bottom: 0px; text-align: justify;\"><strong>Pre-parc tancat de sortida:<\/strong> L&#8217;organitzador instal\u00b7lar\u00e0 de forma gratu\u00efta un pre-parc, tancat i vigilat per una empresa de seguretat, per guardar els cotxes de ral\u00b7li als que ho sol\u00b7liciteu.<br \/>\n<b>Horari<\/b>: 21h del divendres 13\/9 fins 9h del dia 14\/9<br \/>\n<b>Ubicaci\u00f3<\/b>: &#8220;Rac\u00f3 del Campanar&#8221;, al centre de Sabadell i a 5 o 6 min. caminant del podi de sortida, i \u00e9s una zona d&#8217;oci amb molts restaurants i bars.<br \/>\n<strong>Ubicaci\u00f3 exacta (Google Maps)<\/strong>:\u00a0 <a href=\"https:\/\/goo.gl\/maps\/pyuhU7S8nBHzPVfj6\" target=\"_blank\" rel=\"noopener noreferrer\">Clic aqu\u00ed<\/a><\/p>\n<p style=\"margin-top: 0px; margin-bottom: 0px; text-align: justify;\"><strong>Cancel\u00b7laci\u00f3<\/strong>: L&#8217;organitzador podr\u00e0 cancel\u00b7lar aquest parc si no t\u00e9 un m\u00ednim de 5 vehicles, degut al cost del personal de seguretat. S&#8217;avisaria als participants amb suficient antelaci\u00f3.<\/p>\n<\/td>\n<td class=\"navtxt\" style=\"width: 1%; height: 76px; border-right-color: #c0c0c0; border-left-color: #c0c0c0;\"><\/td>\n<\/tr>\n<tr style=\"height: 158px;\">\n<td class=\"navtxt\" style=\"width: 1.69%; height: 158px; border-right-color: #c0c0c0; border-left-color: #c0c0c0;\"><\/td>\n<td class=\"navtxt\" style=\"width: 94.88%; height: 158px; border-right-color: #c0c0c0; border-left-color: #c0c0c0;\">\n<p style=\"text-align: left; margin-top: 5px; margin-bottom: 5px;\"><strong>Pl\u00e0nol general, i acc\u00e9s i retorn al Pre-parc:<br \/>\n<\/strong><\/p>\n<p style=\"text-align: left; margin-top: 5px; margin-bottom: 5px;\"><a class=\"boxersandswipers\" href=\"http:\/\/www.motorclubsabadell.com\/Documents\/2019_Llana\/Mapa_General_Sabadell_2019.jpg\" target=\"_blank\" rel=\"noopener noreferrer\"><img loading=\"lazy\" decoding=\"async\" class=\"alignnone\" style=\"border: 1px solid #808080;\" src=\"http:\/\/www.motorclubsabadell.com\/Documents\/2019_Llana\/Mapa_General_Sabadell_2019_m.jpg\" alt=\"Pl\u00e0nol general ...\" width=\"220\" height=\"139\" border=\"0\" hspace=\"1\" vspace=\"1\" \/><\/a><\/p>\n<\/td>\n<td class=\"navtxt\" style=\"width: 1%; height: 158px; border-right-color: #c0c0c0; border-left-color: #c0c0c0;\"><\/td>\n<\/tr>\n<\/tbody>\n<\/table>\n<\/div>\n","protected":false},"excerpt":{"rendered":"<p>Tornar enrere XX Ral\u00b7li de la Llana Trofeu Autosi\u00a0 &#8211; \u00a014 de setembre de 2019 Pre-parc tancat de sortida: L&#8217;organitzador instal\u00b7lar\u00e0 de forma gratu\u00efta un pre-parc, tancat i&#8230;<\/p>\n","protected":false},"author":1,"featured_media":0,"parent":0,"menu_order":0,"comment_status":"closed","ping_status":"closed","template":"","meta":{"footnotes":""},"class_list":["post-2653","page","type-page","status-publish","hentry"],"_links":{"self":[{"href":"https:\/\/www.motorclubsabadell.com\/index.php\/wp-json\/wp\/v2\/pages\/2653","targetHints":{"allow":["GET"]}}],"collection":[{"href":"https:\/\/www.motorclubsabadell.com\/index.php\/wp-json\/wp\/v2\/pages"}],"about":[{"href":"https:\/\/www.motorclubsabadell.com\/index.php\/wp-json\/wp\/v2\/types\/page"}],"author":[{"embeddable":true,"href":"https:\/\/www.motorclubsabadell.com\/index.php\/wp-json\/wp\/v2\/users\/1"}],"replies":[{"embeddable":true,"href":"https:\/\/www.motorclubsabadell.com\/index.php\/wp-json\/wp\/v2\/comments?post=2653"}],"version-history":[{"count":15,"href":"https:\/\/www.motorclubsabadell.com\/index.php\/wp-json\/wp\/v2\/pages\/2653\/revisions"}],"predecessor-version":[{"id":2954,"href":"https:\/\/www.motorclubsabadell.com\/index.php\/wp-json\/wp\/v2\/pages\/2653\/revisions\/2954"}],"wp:attachment":[{"href":"https:\/\/www.motorclubsabadell.com\/index.php\/wp-json\/wp\/v2\/media?parent=2653"}],"curies":[{"name":"wp","href":"https:\/\/api.w.org\/{rel}","templated":true}]}}