{"id":2600,"date":"2019-06-14T19:15:54","date_gmt":"2019-06-14T17:15:54","guid":{"rendered":"http:\/\/www.motorclubsabadell.com\/?page_id=2600"},"modified":"2019-06-14T19:29:15","modified_gmt":"2019-06-14T17:29:15","slug":"esborrany-de-pre-inscrits-xx-ralli-de-la-llana-trofeu-autosi-2019","status":"publish","type":"page","link":"https:\/\/www.motorclubsabadell.com\/index.php\/esborrany-de-pre-inscrits-xx-ralli-de-la-llana-trofeu-autosi-2019\/","title":{"rendered":"Esborrany de Pre-inscrits XX Ral\u00b7li de la Llana Trofeu Autosi 2019"},"content":{"rendered":"<p style=\"text-align: justify;\">Esborrany de pre-inscrits per ordre d&#8217;entrada<br \/>\n<em><span style=\"color: #808080; font-size: 10pt;\">(Si sortiu en aquesta llista, significa que heu enviat correctament la vostra inscripci\u00f3 a trav\u00e9s del formulari. El Motor Club Sabadell la revisar\u00e0 cada tres o quatre dies, i si tot est\u00e0 correcte, us afegirem a la &#8220;Llista de Pre-Inscrits&#8221; oficial).<\/span><\/em><\/p>\n<p>[cfdb-table form=&#8221;Formulari d&#8217;inscripci\u00f3 XX Ral\u00b7li de la Llana Trofeu Autosi 2019&#8243; orderby=&#8221;Submitted ASC&#8221; class=&#8221;table-hover table-striped small&#8221; show=&#8221;Escuderia,Esponsor,NomPilot,Cognom1Pilot,Cognom2Pilot,NomCopilot,Cognom1Copilot,Cognom2Copilot,MarcaModel,disciplina,Grup,Classe,Michelin,TrofeuRLC&#8221; Headers=&#8221;NomPilot=Nom,Cognom1Pilot=Cognom 1,Cognom2Pilot=Cognom 2,NomCopilot=Nom,Cognom1Copilot=Cognom1,Cognom2Copilot=Cognom2,MarcaModel=Vehicle,Grup=Grup&#8221; headers=&#8221;NomPilot=Pilot,Cognom1Pilot=,LlicenciaPilot=Llic\u00e8ncia,Cognom2Pilot=,NomCopilot=Copilot,Cognom1Copilot=,Cognom2Copilot=,MarcaModel=Vehicle,LlicenciaCopilot=Llic\u00e8ncia,disciplina=Camp.,Grup=Gr.,Classe=Cl.,Michelin=MI,TrofeuRLC=RLC&#8221;]<\/p>\n","protected":false},"excerpt":{"rendered":"<p>Esborrany de pre-inscrits per ordre d&#8217;entrada (Si sortiu en aquesta llista, significa que heu enviat correctament la vostra inscripci\u00f3 a trav\u00e9s del formulari. El Motor Club Sabadell la&#8230;<\/p>\n","protected":false},"author":1,"featured_media":0,"parent":0,"menu_order":0,"comment_status":"closed","ping_status":"closed","template":"","meta":{"footnotes":""},"class_list":["post-2600","page","type-page","status-publish","hentry"],"_links":{"self":[{"href":"https:\/\/www.motorclubsabadell.com\/index.php\/wp-json\/wp\/v2\/pages\/2600","targetHints":{"allow":["GET"]}}],"collection":[{"href":"https:\/\/www.motorclubsabadell.com\/index.php\/wp-json\/wp\/v2\/pages"}],"about":[{"href":"https:\/\/www.motorclubsabadell.com\/index.php\/wp-json\/wp\/v2\/types\/page"}],"author":[{"embeddable":true,"href":"https:\/\/www.motorclubsabadell.com\/index.php\/wp-json\/wp\/v2\/users\/1"}],"replies":[{"embeddable":true,"href":"https:\/\/www.motorclubsabadell.com\/index.php\/wp-json\/wp\/v2\/comments?post=2600"}],"version-history":[{"count":7,"href":"https:\/\/www.motorclubsabadell.com\/index.php\/wp-json\/wp\/v2\/pages\/2600\/revisions"}],"predecessor-version":[{"id":2612,"href":"https:\/\/www.motorclubsabadell.com\/index.php\/wp-json\/wp\/v2\/pages\/2600\/revisions\/2612"}],"wp:attachment":[{"href":"https:\/\/www.motorclubsabadell.com\/index.php\/wp-json\/wp\/v2\/media?parent=2600"}],"curies":[{"name":"wp","href":"https:\/\/api.w.org\/{rel}","templated":true}]}}