{"id":2590,"date":"2019-06-14T17:28:32","date_gmt":"2019-06-14T15:28:32","guid":{"rendered":"http:\/\/www.motorclubsabadell.com\/?page_id=2590"},"modified":"2019-06-14T17:30:23","modified_gmt":"2019-06-14T15:30:23","slug":"formulari-dinscripcio-xx-ralli-de-la-llana-trofeu-autosi-2019","status":"publish","type":"page","link":"https:\/\/www.motorclubsabadell.com\/index.php\/formulari-dinscripcio-xx-ralli-de-la-llana-trofeu-autosi-2019\/","title":{"rendered":"Formulari d&#8217;inscripci\u00f3 &#8211; XX Ral\u00b7li de la Llana Trofeu Autosi 2019"},"content":{"rendered":"<p><span style=\"font-family: Arial;\"><b><em><span style=\"font-family: Arial; font-size: 10pt;\"><span style=\"color: #c91c2b;\">(Els camps amb * (asterisc) a l&#8217;inici, s\u00f3n obligatoris)<\/span><\/span>\u00a0 \u00a0 \u00a0 \u00a0 \u00a0 \u00a0 \u00a0 \u00a0 \u00a0 \u00a0 \u00a0 \u00a0 \u00a0 \u00a0 \u00a0 \u00a0 \u00a0 \u00a0 \u00a0 \u00a0 \u00a0 \u00a0 \u00a0 \u00a0 \u00a0 \u00a0 \u00a0 \u00a0 \u00a0 \u00a0 \u00a0 \u00a0 \u00a0 \u00a0 \u00a0 \u00a0 \u00a0 \u00a0 \u00a0 \u00a0<a href=\"http:\/\/www.motorclubsabadell.com\/\">Tornar enrere<\/a><\/em><\/b><\/span><\/p>\n<p><span style=\"font-family: arial,helvetica,sans-serif; font-size: 10pt;\">Per saltar al camp seg\u00fcent, utilitzeu la tecla &#8220;Tab&#8221; i per recular, &#8220;May\u00fas.+Tab&#8221;. La tecla Return (Enter) est\u00e0 desactivada.<\/span><\/p>\n<p class=\"wpcf7-contact-form-not-found\"><strong>Error:<\/strong> No s&#039;ha trobat el formulari de contacte.<\/p>\n","protected":false},"excerpt":{"rendered":"<p>(Els camps amb * (asterisc) a l&#8217;inici, s\u00f3n obligatoris)\u00a0 \u00a0 \u00a0 \u00a0 \u00a0 \u00a0 \u00a0 \u00a0 \u00a0 \u00a0 \u00a0 \u00a0 \u00a0 \u00a0 \u00a0 \u00a0 \u00a0 \u00a0 \u00a0 \u00a0&#8230;<\/p>\n","protected":false},"author":1,"featured_media":0,"parent":0,"menu_order":0,"comment_status":"closed","ping_status":"closed","template":"","meta":{"footnotes":""},"class_list":["post-2590","page","type-page","status-publish","hentry"],"_links":{"self":[{"href":"https:\/\/www.motorclubsabadell.com\/index.php\/wp-json\/wp\/v2\/pages\/2590","targetHints":{"allow":["GET"]}}],"collection":[{"href":"https:\/\/www.motorclubsabadell.com\/index.php\/wp-json\/wp\/v2\/pages"}],"about":[{"href":"https:\/\/www.motorclubsabadell.com\/index.php\/wp-json\/wp\/v2\/types\/page"}],"author":[{"embeddable":true,"href":"https:\/\/www.motorclubsabadell.com\/index.php\/wp-json\/wp\/v2\/users\/1"}],"replies":[{"embeddable":true,"href":"https:\/\/www.motorclubsabadell.com\/index.php\/wp-json\/wp\/v2\/comments?post=2590"}],"version-history":[{"count":5,"href":"https:\/\/www.motorclubsabadell.com\/index.php\/wp-json\/wp\/v2\/pages\/2590\/revisions"}],"predecessor-version":[{"id":2596,"href":"https:\/\/www.motorclubsabadell.com\/index.php\/wp-json\/wp\/v2\/pages\/2590\/revisions\/2596"}],"wp:attachment":[{"href":"https:\/\/www.motorclubsabadell.com\/index.php\/wp-json\/wp\/v2\/media?parent=2590"}],"curies":[{"name":"wp","href":"https:\/\/api.w.org\/{rel}","templated":true}]}}