{"id":2338,"date":"2019-02-14T18:32:58","date_gmt":"2019-02-14T17:32:58","guid":{"rendered":"http:\/\/www.motorclubsabadell.com\/?page_id=2338"},"modified":"2019-03-29T10:55:24","modified_gmt":"2019-03-29T09:55:24","slug":"formulari-dinscripcio-rlc-2019","status":"publish","type":"page","link":"https:\/\/www.motorclubsabadell.com\/index.php\/formulari-dinscripcio-rlc-2019\/","title":{"rendered":"Formulari d&#8217;inscripci\u00f3 RLC 2019"},"content":{"rendered":"\n<p><\/p>\n\n\n\n<p><\/p>\n\n\n<p><span style=\"font-family: Arial;\"><strong><em>4rt Trofeu Rally Legend Cup 2019 <\/em><\/strong> <\/span><br \/><span style=\"font-family: Arial; font-size: 10pt;\"><span style=\"color: #c91c2b;\">(Els camps amb * a l&#8217;inici s\u00f3n obligatoris) \/\u00a0(<em>Los campos con * al inicio son obligatorios<\/em>)<\/span><\/span><\/p>\n<p><span style=\"font-family: arial,helvetica,sans-serif; font-size: 10pt;\">Per saltar al camp seg\u00fcent, utilitzeu la tecla &#8220;Tab&#8221; i per recular, &#8220;May\u00fas.+Tab&#8221;. La tecla Return (Enter) est\u00e0 desactivada.<br \/><em>Para saltar al campo siguiente utilizad la tecla &#8220;Tab&#8221; y para retroceder, &#8220;May\u00fas.+Tab&#8221;. La tecla return est\u00e1 desactivada.<\/em><\/span><\/p>\n<p class=\"wpcf7-contact-form-not-found\"><strong>Error:<\/strong> No s&#039;ha trobat el formulari de contacte.<\/p>","protected":false},"excerpt":{"rendered":"<p>4rt Trofeu Rally Legend Cup 2019 (Els camps amb * a l&#8217;inici s\u00f3n obligatoris) \/\u00a0(Los campos con * al inicio son obligatorios) Per saltar al camp seg\u00fcent, utilitzeu&#8230;<\/p>\n","protected":false},"author":1,"featured_media":0,"parent":0,"menu_order":0,"comment_status":"closed","ping_status":"closed","template":"","meta":{"footnotes":""},"class_list":["post-2338","page","type-page","status-publish","hentry"],"_links":{"self":[{"href":"https:\/\/www.motorclubsabadell.com\/index.php\/wp-json\/wp\/v2\/pages\/2338","targetHints":{"allow":["GET"]}}],"collection":[{"href":"https:\/\/www.motorclubsabadell.com\/index.php\/wp-json\/wp\/v2\/pages"}],"about":[{"href":"https:\/\/www.motorclubsabadell.com\/index.php\/wp-json\/wp\/v2\/types\/page"}],"author":[{"embeddable":true,"href":"https:\/\/www.motorclubsabadell.com\/index.php\/wp-json\/wp\/v2\/users\/1"}],"replies":[{"embeddable":true,"href":"https:\/\/www.motorclubsabadell.com\/index.php\/wp-json\/wp\/v2\/comments?post=2338"}],"version-history":[{"count":6,"href":"https:\/\/www.motorclubsabadell.com\/index.php\/wp-json\/wp\/v2\/pages\/2338\/revisions"}],"predecessor-version":[{"id":2424,"href":"https:\/\/www.motorclubsabadell.com\/index.php\/wp-json\/wp\/v2\/pages\/2338\/revisions\/2424"}],"wp:attachment":[{"href":"https:\/\/www.motorclubsabadell.com\/index.php\/wp-json\/wp\/v2\/media?parent=2338"}],"curies":[{"name":"wp","href":"https:\/\/api.w.org\/{rel}","templated":true}]}}