{"id":1775,"date":"2018-05-04T12:59:00","date_gmt":"2018-05-04T10:59:00","guid":{"rendered":"http:\/\/www.motorclubsabadell.com\/?page_id=1775"},"modified":"2018-05-04T12:59:15","modified_gmt":"2018-05-04T10:59:15","slug":"formulari-dinscripcio-i-ruta-turistica-2018","status":"publish","type":"page","link":"https:\/\/www.motorclubsabadell.com\/index.php\/formulari-dinscripcio-i-ruta-turistica-2018\/","title":{"rendered":"Formulari d&#8217;inscripci\u00f3 &#8220;I Ruta tur\u00edstica 2018&#8221;"},"content":{"rendered":"<p><span style=\"font-family: Arial;\"><strong><em>I Concentraci\u00f3 + ruta tur\u00edstica de la 65\u00aa festa de l&#8217;Esport Sabadellenc\u00a0<\/em><\/strong>\u00a0<\/span><br \/>\n<span style=\"font-family: Arial; font-size: 10pt;\"><span style=\"color: #c91c2b;\">(Els camps amb * a l&#8217;inici s\u00f3n obligatoris)<\/span><\/span><\/p>\n<p><span style=\"font-family: arial,helvetica,sans-serif; font-size: 10pt;\">Per saltar al camp seg\u00fcent, utilitzeu la tecla &#8220;Tab&#8221; i per recular, &#8220;May\u00fas.+Tab&#8221;. La tecla Return (Enter) est\u00e0 desactivada.<\/span><\/p>\n<p class=\"wpcf7-contact-form-not-found\"><strong>Error:<\/strong> No s&#039;ha trobat el formulari de contacte.<\/p>\n","protected":false},"excerpt":{"rendered":"<p>I Concentraci\u00f3 + ruta tur\u00edstica de la 65\u00aa festa de l&#8217;Esport Sabadellenc\u00a0\u00a0 (Els camps amb * a l&#8217;inici s\u00f3n obligatoris) Per saltar al camp seg\u00fcent, utilitzeu la tecla&#8230;<\/p>\n","protected":false},"author":1,"featured_media":0,"parent":0,"menu_order":0,"comment_status":"closed","ping_status":"closed","template":"","meta":{"footnotes":""},"class_list":["post-1775","page","type-page","status-publish","hentry"],"_links":{"self":[{"href":"https:\/\/www.motorclubsabadell.com\/index.php\/wp-json\/wp\/v2\/pages\/1775","targetHints":{"allow":["GET"]}}],"collection":[{"href":"https:\/\/www.motorclubsabadell.com\/index.php\/wp-json\/wp\/v2\/pages"}],"about":[{"href":"https:\/\/www.motorclubsabadell.com\/index.php\/wp-json\/wp\/v2\/types\/page"}],"author":[{"embeddable":true,"href":"https:\/\/www.motorclubsabadell.com\/index.php\/wp-json\/wp\/v2\/users\/1"}],"replies":[{"embeddable":true,"href":"https:\/\/www.motorclubsabadell.com\/index.php\/wp-json\/wp\/v2\/comments?post=1775"}],"version-history":[{"count":5,"href":"https:\/\/www.motorclubsabadell.com\/index.php\/wp-json\/wp\/v2\/pages\/1775\/revisions"}],"predecessor-version":[{"id":1779,"href":"https:\/\/www.motorclubsabadell.com\/index.php\/wp-json\/wp\/v2\/pages\/1775\/revisions\/1779"}],"wp:attachment":[{"href":"https:\/\/www.motorclubsabadell.com\/index.php\/wp-json\/wp\/v2\/media?parent=1775"}],"curies":[{"name":"wp","href":"https:\/\/api.w.org\/{rel}","templated":true}]}}