{"id":105,"date":"2016-06-30T19:47:46","date_gmt":"2016-06-30T17:47:46","guid":{"rendered":"http:\/\/www.motorclubsabadell.com\/novaweb\/?page_id=105"},"modified":"2026-04-21T15:46:10","modified_gmt":"2026-04-21T13:46:10","slug":"avis-legal","status":"publish","type":"page","link":"https:\/\/www.motorclubsabadell.com\/index.php\/avis-legal\/","title":{"rendered":"Av\u00eds Legal"},"content":{"rendered":"<table border=\"0\" cellspacing=\"0\" cellpadding=\"0\">\n<tbody>\n<tr style=\"height: 6px;\">\n<td style=\"height: 6px;\" colspan=\"3\" align=\"center\">\n<p style=\"text-align: justify;\" align=\"justify\">Motor Club Sabadell no es fa responsable de les web no pr\u00f2pies a les quals es pot accedir mitjan\u00e7ant vincles &#8220;links&#8221; o de qualsevol contingut posat a disposici\u00f3 per tercers.<br \/>\nQualsevol \u00fas d\u2019un vincle o acc\u00e9s a una web no pr\u00f2pia \u00e9s realitzat per voluntat i risc exclusiu de l\u2019usuari i Motor Club Sabadell no recomana ni garanteix cap informaci\u00f3 obtinguda a trav\u00e9s d\u2019un vincle ali\u00e8 a Motor Club Sabadell, ni es responsabilitza de cap p\u00e8rdua, reclamaci\u00f3 o perjudici derivada de l\u2019\u00fas o mal \u00fas d\u2019un vincle, o de la informaci\u00f3 obtinguda a trav\u00e9s d\u2019ell, incloent altres vincles o web, de la interrupci\u00f3 en el servei o en l\u2019acc\u00e9s, o de l\u2019intent d\u2019usar o usar malament un vincle, tant en connectar a la web de Motor Club Sabadell, com en accedir a la informaci\u00f3 d\u2019altres web des de la web Motor Club Sabadell.<\/p>\n<p style=\"text-align: justify;\">INFORMACI\u00d3 SOBRE LA UTILITZACI\u00d3 DE COOKIES<\/p>\n<p style=\"text-align: justify;\">En aquesta web es poden estar utilitzant cookies en algunes p\u00e0gines. La finalitat de les esmentades cookies \u00e9s millorar el servei que ofereixen als seus clients i als nostres visitants.<br \/>\nLes cookies s\u00f3n petits fitxers de dades que es generen a l\u2019ordinador de l\u2019usuari i que permeten obtenir la seg\u00fcent informaci\u00f3:<\/p>\n<p style=\"text-align: justify;\">* Data i hora de l\u2019\u00faltima vegada que l\u2019usuari va visitar la web.<br \/>\n* Disseny de contingut que l\u2019usuari va escollir en la seva primera visita a la web.<br \/>\n* Elements de seguretat que intervenen en el control d\u2019acc\u00e9s a les \u00e0rees restringides.<\/p>\n<p style=\"text-align: justify;\">RENUNCIA I LIMITACI\u00d3 DE LA RESPONSABILITAT<\/p>\n<p style=\"text-align: justify;\">La informaci\u00f3 i serveis inclosos o disponibles a trav\u00e9s de les p\u00e0gines web poden incloure incorreccions o errors tipogr\u00e0fics. De forma peri\u00f2dica s\u2019incorporen canvis a la informaci\u00f3 continguda. Motor Club Sabadell pot introduir en qualsevol moment millores i\/o canvis en els serveis o continguts.<\/p>\n<p style=\"text-align: justify;\">Motor Club Sabadell ha obtingut la informaci\u00f3 i els materials inclosos en la web de fonts considerades com a fiables, per\u00f2, si b\u00e9 s\u2019han pres les mesures corresponents per assegurar que la informaci\u00f3 continguda sigui correcta, no garanteix que sigui exacta i actualitzada.<\/p>\n<p style=\"text-align: justify;\">Tamb\u00e9 s\u2019adverteix que els continguts d\u2019aquesta web, tenen finalitat informativa quant a la qualitat, situaci\u00f3, allotjament, serveis i tarifes de Motor Club Sabadell.<\/p>\n<p style=\"text-align: justify;\">INFORMACI\u00d3 SOBRE L\u2019EXEMPCI\u00d3 DE TOTA LA RESPONSABILITAT DERIVADA D\u2019UNA FALLA T\u00c8CNICA I DE CONTINGUT<\/p>\n<p style=\"text-align: justify;\">Motor Club Sabadell declina qualsevol responsabilitat en cas que existeixin interrupcions o un mal funcionament dels serveis o continguts oferts en Internet, qualsevol que sigui la seva causa. Aix\u00ed mateix, Motor Club Sabadell no es fa responsable per caigudes de la xarxa, p\u00e8rdues de negoci a conseq\u00fc\u00e8ncia de les esmentades caigudes, suspensions temporals del fluid el\u00e8ctric o qualsevol altre tipus de dany|mal indirecte que li pugui ser causat als Usuaris per causes alienes a Motor Club Sabadell.<\/p>\n<p style=\"text-align: justify;\">Motor Club Sabadell no declara ni garanteix que els serveis o continguts siguin interromputs o que siguin lliures d\u2019errors, que els defectes siguin corregits, o que el servei o el servidor que el posa a disposici\u00f3 siguin lliures de virus o altres components nocius, sense perjudici de que Motor Club Sabadell realitza els seus millors esfor\u00e7os en evitar aquest tipus d\u2019incidents.<br \/>\nEn cas que l\u2019usuari prengu\u00e9s determinades decisions o realitz\u00e9s accions amb base a la informaci\u00f3 inclosa en qualsevol dels websites, es recomana la comprovaci\u00f3 de la informaci\u00f3 rebuda amb altres fonts.<\/p>\n<p style=\"text-align: justify;\">PROPIETAT INDUSTRIAL I INTEL\u00b7LECTUAL<\/p>\n<p style=\"text-align: justify;\">Els continguts prestats per Motor Club Sabadell, aix\u00ed com els continguts abocats|vessats a la xarxa a trav\u00e9s de les seves p\u00e0gines web, constitueixen una obra en el sentit de la legislaci\u00f3 sobre propietat intel\u00b7lectual per la qual cosa es troben protegits per les lleis i convenis internacionals aplicables en la mat\u00e8ria.<\/p>\n<div style=\"position: fixed; top: -4568px; left: -4039px;\">\n<p>While comparing modern online gaming options, the project <a href='https:\/\/memocasino.org.uk'>memo casino withdrawal<\/a> frequently appears when users share feedback about gaming platforms. Many players look for smooth gameplay, reliable payments, and a wide range of slot titles before choosing a platform.<\/p>\n<\/div>\n<p style=\"text-align: justify;\">Queda prohibida qualsevol forma de reproducci\u00f3, distribuci\u00f3, comunicaci\u00f3 p\u00fablica, transformaci\u00f3, posada a disposici\u00f3 i, en general, qualsevol altre acte d\u2019explotaci\u00f3 p\u00fablica referit tant a les p\u00e0gines web com als seus continguts i informaci\u00f3, sense el consentiment expr\u00e9s i previ i per escrit Motor Club Sabadell.<\/p>\n<p style=\"text-align: justify;\">En conseq\u00fc\u00e8ncia, tots els continguts que es mostren en els diferents websites i en especial, dissenys, texts, gr\u00e0fics, logos, icones, botons, programari, noms comercials, marques, dibuixos industrials o qualssevol altres signes susceptibles d\u2019utilitzaci\u00f3 industrial i comercial estan subjectes a drets de propietat intel\u00b7lectual i industrial de Motor Club Sabadell o de tercers titulars dels mateixos que han autoritzat degudament la seva inclusi\u00f3 en els diferents websites.<\/p>\n<p style=\"text-align: justify;\">Els continguts, imatges, formes, opinions, \u00edndexs i altres expressions formals que formin part de les p\u00e0gines web, aix\u00ed com el programari necessari per al funcionament i visualitzaci\u00f3 de les mateixes, constitueixen aix\u00ed mateix una obra en el sentit del Dret d\u2019Autor i queden, per tant, protegides per les convencions internacionals i legislacions nacionals en mat\u00e8ria de Propietat intel\u00b7lectual que resultin aplicables. L\u2019incompliment de l\u2019assenyalat implica la comissi\u00f3 de greus actes il\u00b7l\u00edcits i la seva sanci\u00f3 per la legislaci\u00f3 civil i penal.<\/p>\n<p style=\"text-align: justify;\">Queda prohibit tot acte per virtut del qual els Usuaris dels serveis o continguts puguin explotar o servir-se comercialment, directament o indirectament, en la seva totalitat o parcialment, de qualsevol dels continguts, imatges, formes, \u00edndexs i altres expressions formals que formin parteix de les p\u00e0gines web sense perm\u00eds previ i per escrit de Motor Club Sabadell.<\/p>\n<p style=\"text-align: justify;\">En concret, i sense car\u00e0cter exhaustiu, queden prohibits els actes de reproducci\u00f3, distribuci\u00f3, exhibici\u00f3, transmissi\u00f3, retransmissi\u00f3, emissi\u00f3 en qualsevol forma, emmagatzemament en suports f\u00edsics o l\u00f2gics (per exemple, disquets o disc dur d\u2019ordinadors), digitalitzaci\u00f3 o posada a disposici\u00f3 des de bases de dades diferents de les pertanyents a les autoritzades per Motor Club Sabadell, aix\u00ed com a la seva traducci\u00f3, adaptaci\u00f3, arranjament|reparaci\u00f3 o qualsevol altra transformaci\u00f3 de les esmentades opinions, imatges, formes, \u00edndexs i altres expressions formals que es posin a disposici\u00f3 dels Usuaris a trav\u00e9s dels serveis o continguts, en tant tals actes estiguin sotmesos a la legislaci\u00f3 aplicable en mat\u00e8ria de Propietat intel\u00b7lectual, industrial o de protecci\u00f3 de la imatge.<\/p>\n<p style=\"text-align: justify;\">Motor Club Sabadell \u00e9s lliure de limitar l\u2019acc\u00e9s a les p\u00e0gines web, i als productes i\/o serveis en ella oferts, aix\u00ed com la conseg\u00fcent publicaci\u00f3 de les opinions, observacions, imatges o comentaris que els usuaris puguin fer-li arribar a trav\u00e9s de l\u2019e-mail.<\/p>\n<p style=\"text-align: justify;\">Motor Club Sabadell, en aquest sentit, podr\u00e0 establir, si ho considera oport\u00fa, sense perjudici de l\u2019\u00fanica i exclusiva responsabilitat dels Usuaris, els filtres necessaris a fi d\u2019evitar que a trav\u00e9s de les seves p\u00e0gines web puguin abocar|vessar-se a la xarxa continguts o opinions, considerats com|com a racistes, xen\u00f2fobs, discriminatoris, pornogr\u00e0fics, difamatoris o que, de qualsevol manera, fomentin la viol\u00e8ncia o la disseminaci\u00f3 de continguts clarament il\u00b7l\u00edcits o nocius.<\/p>\n<p style=\"text-align: justify;\">Aquells usuaris que envi\u00efn a les p\u00e0gines web de Motor Club Sabadell, al seu departament de suggeriments, observacions, opinions o comentaris per mitj\u00e0 del servei de correu electr\u00f2nic, llevat de que expressin de manera certa i inconfusible el contrari, en els casos en els que per la naturalesa dels serveis o continguts aix\u00f2 sigui possible, s\u2019ent\u00e9n que autoritzen a Motor Club Sabadell per a la reproducci\u00f3, distribuci\u00f3, exhibici\u00f3, transmissi\u00f3, retransmissi\u00f3, emissi\u00f3 en qualsevol format, emmagatzemament en suports f\u00edsics o l\u00f2gics (per exemple, disquets o disc dur d\u2019ordinadors), digitalitzaci\u00f3, posada a disposici\u00f3 des de bases de dades pertanyents a Motor Club Sabadell, traducci\u00f3, adaptaci\u00f3, arranjament|reparaci\u00f3 o qualsevol altra transformaci\u00f3 de tals observacions, opinions o comentaris, per tot el temps de protecci\u00f3 de dret d\u2019autor que estigui previst legalment. Aix\u00ed mateix, s\u2019ent\u00e9n que aquesta autoritzaci\u00f3 es fa a t\u00edtol gratu\u00eft, i que pel sol fet d\u2019enviar per e-mail tals observacions, opinions o comentaris, els usuaris declinen qualsevol pretensi\u00f3 remuneratoria per part de Motor Club Sabadell.<\/p>\n<p style=\"text-align: justify;\">D\u2019acord amb l\u2019assenyalat en el par\u00e0graf anterior Motor Club Sabadell queda autoritzada igualment per procedir a la modificaci\u00f3 o alteraci\u00f3 de tals observacions, opinions o comentaris, a fi d\u2019adaptar-los a les necessitats de format editorial de les p\u00e0gines web, sense que per aix\u00f2 pugui entendre\u2019s que existeix en absolut qualsevol tipus de lesi\u00f3 de qualssevol de les facultats morals de dret d\u2019autor que els Usuaris poguessin ostentar sobre aquelles.<\/p>\n<p style=\"text-align: justify;\">Queden prohibits qualssevol dels recursos t\u00e8cnics, l\u00f2gics o tecnol\u00f2gics per virtut dels quals un tercer pugui beneficiar-se, directament o indirectament, amb o sense lucre, de tots i cada un dels continguts, formes, \u00edndexs i altres expressions formals que formin parteix de les p\u00e0gines web, o de l\u2019esfor\u00e7 dut a terme Motor Club Sabadell per al seu funcionament. En concret, queda prohibit tot link, hyperlink, framing o vincle similar que pugui establir-se en direcci\u00f3 a les p\u00e0gines web de Motor Club Sabadell, sense el consentiment previ, expr\u00e9s i per escrit de Motor Club Sabadell. Qualsevol trasgresi\u00f3n del disposat en aquest punt ser\u00e0 considerada com a lesi\u00f3 dels leg\u00edtims drets de Propietat intel\u00b7lectual de Motor Club Sabadell sobre les p\u00e0gines web i tots els continguts de les mateixes.<\/p>\n<p style=\"text-align: justify;\">Motor Club Sabadell no assumir\u00e0 cap responsabilitat davant de conseq\u00fc\u00e8ncies derivades de les conductes i actuacions abans citades, de la mateixa manera que no assumir\u00e0 cap responsabilitat pels continguts, serveis, productes, etc., de tercers als quals es pugui accedir directament o a trav\u00e9s de banners, enlla\u00e7os, links, hyperlinks, framing o vincles similars des dels websites de Motor Club Sabadell<\/p>\n<\/td>\n<\/tr>\n<\/tbody>\n<\/table>\n","protected":false},"excerpt":{"rendered":"<p>Motor Club Sabadell no es fa responsable de les web no pr\u00f2pies a les quals es pot accedir mitjan\u00e7ant vincles &#8220;links&#8221; o de qualsevol contingut posat a disposici\u00f3&#8230;<\/p>\n","protected":false},"author":1,"featured_media":0,"parent":0,"menu_order":0,"comment_status":"closed","ping_status":"closed","template":"","meta":{"footnotes":""},"class_list":["post-105","page","type-page","status-publish","hentry"],"_links":{"self":[{"href":"https:\/\/www.motorclubsabadell.com\/index.php\/wp-json\/wp\/v2\/pages\/105","targetHints":{"allow":["GET"]}}],"collection":[{"href":"https:\/\/www.motorclubsabadell.com\/index.php\/wp-json\/wp\/v2\/pages"}],"about":[{"href":"https:\/\/www.motorclubsabadell.com\/index.php\/wp-json\/wp\/v2\/types\/page"}],"author":[{"embeddable":true,"href":"https:\/\/www.motorclubsabadell.com\/index.php\/wp-json\/wp\/v2\/users\/1"}],"replies":[{"embeddable":true,"href":"https:\/\/www.motorclubsabadell.com\/index.php\/wp-json\/wp\/v2\/comments?post=105"}],"version-history":[{"count":6,"href":"https:\/\/www.motorclubsabadell.com\/index.php\/wp-json\/wp\/v2\/pages\/105\/revisions"}],"predecessor-version":[{"id":6046,"href":"https:\/\/www.motorclubsabadell.com\/index.php\/wp-json\/wp\/v2\/pages\/105\/revisions\/6046"}],"wp:attachment":[{"href":"https:\/\/www.motorclubsabadell.com\/index.php\/wp-json\/wp\/v2\/media?parent=105"}],"curies":[{"name":"wp","href":"https:\/\/api.w.org\/{rel}","templated":true}]}}