{"id":515,"date":"2016-11-29T20:05:16","date_gmt":"2016-11-29T19:05:16","guid":{"rendered":"http:\/\/www.motorclubsabadell.com\/index.php\/producte\/polo-de-coto-sg\/"},"modified":"2023-04-18T12:07:13","modified_gmt":"2023-04-18T10:07:13","slug":"polo-de-coto","status":"publish","type":"product","link":"http:\/\/www.motorclubsabadell.com\/index.php\/producte\/polo-de-coto\/","title":{"rendered":"Polo m\u00e0niga curta de cot\u00f3"},"content":{"rendered":"<p style=\"text-align: justify;\" align=\"LEFT\"><strong>Descripci\u00f3<\/strong>: Polo 100% cot\u00f3, de bona qualitat i de m\u00e0niga curta.<\/p>\n<p style=\"text-align: justify;\" align=\"LEFT\"><strong>Color<\/strong>:\u00a0Negre<\/p>\n<p style=\"text-align: justify;\" align=\"LEFT\"><strong>Logotips<\/strong>: Logotip\u00a0<strong>mcs&gt;&gt;<\/strong> en m\u00e0niga dreta, al frontal i a l\u2019esquena. Brodat d&#8217;alta densitat.<\/p>\n<div style=\"text-align: justify;\" align=\"LEFT\"><strong>Talles<\/strong>: Unisex: XS &#8211; S &#8211; M &#8211; L &#8211; XL &#8211; XXL<\/div>\n<p>&nbsp;<\/p>\n","protected":false},"excerpt":{"rendered":"<p>Descripci\u00f3: Polo 100% cot\u00f3, de bona qualitat i de m\u00e0niga curta. Color:\u00a0Negre Logotips: Logotip\u00a0mcs&gt;&gt; en m\u00e0niga dreta, al frontal i a l\u2019esquena. Brodat d&#8217;alta densitat. Talles: Unisex: XS&#8230;<\/p>\n","protected":false},"featured_media":4945,"template":"","meta":[],"product_brand":[],"product_cat":[17],"product_tag":[],"class_list":{"0":"post-515","1":"product","2":"type-product","3":"status-publish","4":"has-post-thumbnail","6":"product_cat-polos","7":"pa_talles-talla-l","8":"pa_talles-talla-m","9":"pa_talles-talla-s","10":"pa_talles-talla-xl","11":"pa_talles-talla-xs","12":"pa_talles-talla-xxl","14":"first","15":"instock","16":"shipping-taxable","17":"purchasable","18":"product-type-variable"},"_links":{"self":[{"href":"http:\/\/www.motorclubsabadell.com\/index.php\/wp-json\/wp\/v2\/product\/515","targetHints":{"allow":["GET"]}}],"collection":[{"href":"http:\/\/www.motorclubsabadell.com\/index.php\/wp-json\/wp\/v2\/product"}],"about":[{"href":"http:\/\/www.motorclubsabadell.com\/index.php\/wp-json\/wp\/v2\/types\/product"}],"wp:featuredmedia":[{"embeddable":true,"href":"http:\/\/www.motorclubsabadell.com\/index.php\/wp-json\/wp\/v2\/media\/4945"}],"wp:attachment":[{"href":"http:\/\/www.motorclubsabadell.com\/index.php\/wp-json\/wp\/v2\/media?parent=515"}],"wp:term":[{"taxonomy":"product_brand","embeddable":true,"href":"http:\/\/www.motorclubsabadell.com\/index.php\/wp-json\/wp\/v2\/product_brand?post=515"},{"taxonomy":"product_cat","embeddable":true,"href":"http:\/\/www.motorclubsabadell.com\/index.php\/wp-json\/wp\/v2\/product_cat?post=515"},{"taxonomy":"product_tag","embeddable":true,"href":"http:\/\/www.motorclubsabadell.com\/index.php\/wp-json\/wp\/v2\/product_tag?post=515"}],"curies":[{"name":"wp","href":"https:\/\/api.w.org\/{rel}","templated":true}]}}