{"id":5028,"date":"2023-04-18T12:56:23","date_gmt":"2023-04-18T10:56:23","guid":{"rendered":"http:\/\/www.motorclubsabadell.com\/?post_type=product&#038;p=5028"},"modified":"2023-04-18T12:57:36","modified_gmt":"2023-04-18T10:57:36","slug":"tassa-de-cafe-amb-llet-20e-aniversasi-mcs","status":"publish","type":"product","link":"http:\/\/www.motorclubsabadell.com\/index.php\/producte\/tassa-de-cafe-amb-llet-20e-aniversasi-mcs\/","title":{"rendered":"Tassa de caf\u00e8 amb llet 20\u00e8 aniversasi MCS"},"content":{"rendered":"<p style=\"text-align: justify;\" align=\"LEFT\"><strong>Descripci\u00f3<\/strong>: Tassa grossa de mida &#8220;caf\u00e8 amb llet&#8221;.<\/p>\n<p align=\"LEFT\"><strong>Estampat:<\/strong> Logo del 20\u00e8 aniversari de la creaci\u00f3 del Motor Club Sabadell.<\/p>\n","protected":false},"excerpt":{"rendered":"<p>Descripci\u00f3: Tassa grossa de mida &#8220;caf\u00e8 amb llet&#8221;. Estampat: Logo del 20\u00e8 aniversari de la creaci\u00f3 del Motor Club Sabadell.<\/p>\n","protected":false},"featured_media":4958,"template":"","meta":[],"product_brand":[],"product_cat":[125],"product_tag":[],"class_list":{"0":"post-5028","1":"product","2":"type-product","3":"status-publish","4":"has-post-thumbnail","6":"product_cat-altres","8":"first","9":"instock","10":"shipping-taxable","11":"purchasable","12":"product-type-simple"},"_links":{"self":[{"href":"http:\/\/www.motorclubsabadell.com\/index.php\/wp-json\/wp\/v2\/product\/5028","targetHints":{"allow":["GET"]}}],"collection":[{"href":"http:\/\/www.motorclubsabadell.com\/index.php\/wp-json\/wp\/v2\/product"}],"about":[{"href":"http:\/\/www.motorclubsabadell.com\/index.php\/wp-json\/wp\/v2\/types\/product"}],"wp:featuredmedia":[{"embeddable":true,"href":"http:\/\/www.motorclubsabadell.com\/index.php\/wp-json\/wp\/v2\/media\/4958"}],"wp:attachment":[{"href":"http:\/\/www.motorclubsabadell.com\/index.php\/wp-json\/wp\/v2\/media?parent=5028"}],"wp:term":[{"taxonomy":"product_brand","embeddable":true,"href":"http:\/\/www.motorclubsabadell.com\/index.php\/wp-json\/wp\/v2\/product_brand?post=5028"},{"taxonomy":"product_cat","embeddable":true,"href":"http:\/\/www.motorclubsabadell.com\/index.php\/wp-json\/wp\/v2\/product_cat?post=5028"},{"taxonomy":"product_tag","embeddable":true,"href":"http:\/\/www.motorclubsabadell.com\/index.php\/wp-json\/wp\/v2\/product_tag?post=5028"}],"curies":[{"name":"wp","href":"https:\/\/api.w.org\/{rel}","templated":true}]}}