{"id":5024,"date":"2023-04-18T12:34:18","date_gmt":"2023-04-18T10:34:18","guid":{"rendered":"http:\/\/www.motorclubsabadell.com\/?post_type=product&#038;p=5024"},"modified":"2023-04-18T13:12:20","modified_gmt":"2023-04-18T11:12:20","slug":"llibreta-mcs-notes-copi-disseny-tati-sanchis","status":"publish","type":"product","link":"http:\/\/www.motorclubsabadell.com\/index.php\/producte\/llibreta-mcs-notes-copi-disseny-tati-sanchis\/","title":{"rendered":"Llibreta MCS notes copi (Tati Sanch\u00eds)"},"content":{"rendered":"<p style=\"text-align: justify;\" align=\"LEFT\"><strong>Descripci\u00f3<\/strong>: Llibreta de notes molt pr\u00e0ctica dissenyada per l&#8217;Alberto &#8220;Tati&#8221; Sanch\u00eds quan era president de l&#8217;Associaci\u00f3 de Copilots de Catalunya, la ACC.<\/p>\n<p align=\"LEFT\"><strong>Presentaci\u00f3:<\/strong> Mida de 21&#215;24 cm (per cabre b\u00e9 a les maletes dels copilots), espiral lateral i tapa dura plastificada.<\/p>\n<p align=\"LEFT\"><strong>Contingut:<\/strong> 9 planes per tram, 4 planes per consums, 1 plana peels temps dels tram cronometrats, 52 planes per notes de trams.<\/p>\n<p style=\"text-align: justify;\" align=\"LEFT\">\n","protected":false},"excerpt":{"rendered":"<p>Descripci\u00f3: Llibreta de notes molt pr\u00e0ctica dissenyada per l&#8217;Alberto &#8220;Tati&#8221; Sanch\u00eds quan era president de l&#8217;Associaci\u00f3 de Copilots de Catalunya, la ACC. Presentaci\u00f3: Mida de 21&#215;24 cm (per&#8230;<\/p>\n","protected":false},"featured_media":5032,"template":"","meta":[],"product_brand":[],"product_cat":[125],"product_tag":[],"class_list":{"0":"post-5024","1":"product","2":"type-product","3":"status-publish","4":"has-post-thumbnail","6":"product_cat-altres","8":"first","9":"instock","10":"shipping-taxable","11":"purchasable","12":"product-type-simple"},"_links":{"self":[{"href":"http:\/\/www.motorclubsabadell.com\/index.php\/wp-json\/wp\/v2\/product\/5024","targetHints":{"allow":["GET"]}}],"collection":[{"href":"http:\/\/www.motorclubsabadell.com\/index.php\/wp-json\/wp\/v2\/product"}],"about":[{"href":"http:\/\/www.motorclubsabadell.com\/index.php\/wp-json\/wp\/v2\/types\/product"}],"wp:featuredmedia":[{"embeddable":true,"href":"http:\/\/www.motorclubsabadell.com\/index.php\/wp-json\/wp\/v2\/media\/5032"}],"wp:attachment":[{"href":"http:\/\/www.motorclubsabadell.com\/index.php\/wp-json\/wp\/v2\/media?parent=5024"}],"wp:term":[{"taxonomy":"product_brand","embeddable":true,"href":"http:\/\/www.motorclubsabadell.com\/index.php\/wp-json\/wp\/v2\/product_brand?post=5024"},{"taxonomy":"product_cat","embeddable":true,"href":"http:\/\/www.motorclubsabadell.com\/index.php\/wp-json\/wp\/v2\/product_cat?post=5024"},{"taxonomy":"product_tag","embeddable":true,"href":"http:\/\/www.motorclubsabadell.com\/index.php\/wp-json\/wp\/v2\/product_tag?post=5024"}],"curies":[{"name":"wp","href":"https:\/\/api.w.org\/{rel}","templated":true}]}}