{"id":4981,"date":"2023-04-18T12:05:33","date_gmt":"2023-04-18T10:05:33","guid":{"rendered":"http:\/\/www.motorclubsabadell.com\/?post_type=product&#038;p=4981"},"modified":"2023-04-18T12:08:25","modified_gmt":"2023-04-18T10:08:25","slug":"desuadora-negra-amb-caputxa-la-llana","status":"publish","type":"product","link":"http:\/\/www.motorclubsabadell.com\/index.php\/producte\/desuadora-negra-amb-caputxa-la-llana\/","title":{"rendered":"Dessuadora negra, amb caputxa, La Llana"},"content":{"rendered":"<p style=\"text-align: justify;\" align=\"LEFT\"><strong>Descripci\u00f3<\/strong>: Dessuadora de m\u00e0niga llarga amb caputxa i 100% cot\u00f3. Tacte suau per a la pell.<\/p>\n<p style=\"text-align: justify;\" align=\"LEFT\"><strong>Color<\/strong>: Negre<\/p>\n<p style=\"text-align: justify;\" align=\"LEFT\"><strong>Logotips<\/strong>: Logotip gen\u00e8ric &#8220;La llana&#8221; brodat d&#8217;alta densitat, al frontal. Logo MCS&gt;&gt; brodat d&#8217;alta densitat, al lateral.<\/p>\n<div style=\"text-align: justify;\" align=\"LEFT\"><strong>Talles<\/strong>: Unisex: XS &#8211; S &#8211; M &#8211; L &#8211; XL &#8211; XXL &#8211; XXXL<\/div>\n<p>&nbsp;<\/p>\n","protected":false},"excerpt":{"rendered":"<p>Descripci\u00f3: Dessuadora de m\u00e0niga llarga amb caputxa i 100% cot\u00f3. Tacte suau per a la pell. Color: Negre Logotips: Logotip gen\u00e8ric &#8220;La llana&#8221; brodat d&#8217;alta densitat, al frontal&#8230;.<\/p>\n","protected":false},"featured_media":4947,"template":"","meta":[],"product_brand":[],"product_cat":[114],"product_tag":[],"class_list":{"0":"post-4981","1":"product","2":"type-product","3":"status-publish","4":"has-post-thumbnail","6":"product_cat-desuadores","7":"pa_talles-talla-l","8":"pa_talles-talla-m","9":"pa_talles-talla-s","10":"pa_talles-talla-xl","11":"pa_talles-talla-xs","12":"pa_talles-talla-xxl","14":"first","15":"instock","16":"shipping-taxable","17":"purchasable","18":"product-type-variable"},"_links":{"self":[{"href":"http:\/\/www.motorclubsabadell.com\/index.php\/wp-json\/wp\/v2\/product\/4981","targetHints":{"allow":["GET"]}}],"collection":[{"href":"http:\/\/www.motorclubsabadell.com\/index.php\/wp-json\/wp\/v2\/product"}],"about":[{"href":"http:\/\/www.motorclubsabadell.com\/index.php\/wp-json\/wp\/v2\/types\/product"}],"wp:featuredmedia":[{"embeddable":true,"href":"http:\/\/www.motorclubsabadell.com\/index.php\/wp-json\/wp\/v2\/media\/4947"}],"wp:attachment":[{"href":"http:\/\/www.motorclubsabadell.com\/index.php\/wp-json\/wp\/v2\/media?parent=4981"}],"wp:term":[{"taxonomy":"product_brand","embeddable":true,"href":"http:\/\/www.motorclubsabadell.com\/index.php\/wp-json\/wp\/v2\/product_brand?post=4981"},{"taxonomy":"product_cat","embeddable":true,"href":"http:\/\/www.motorclubsabadell.com\/index.php\/wp-json\/wp\/v2\/product_cat?post=4981"},{"taxonomy":"product_tag","embeddable":true,"href":"http:\/\/www.motorclubsabadell.com\/index.php\/wp-json\/wp\/v2\/product_tag?post=4981"}],"curies":[{"name":"wp","href":"https:\/\/api.w.org\/{rel}","templated":true}]}}