{"id":4970,"date":"2023-04-18T11:44:07","date_gmt":"2023-04-18T09:44:07","guid":{"rendered":"http:\/\/www.motorclubsabadell.com\/?post_type=product&#038;p=4970"},"modified":"2023-04-18T12:03:49","modified_gmt":"2023-04-18T10:03:49","slug":"samarreta-de-coto-blantc-notes-ralli","status":"publish","type":"product","link":"http:\/\/www.motorclubsabadell.com\/index.php\/producte\/samarreta-de-coto-blantc-notes-ralli\/","title":{"rendered":"Samarreta de cot\u00f3 blantc &#8220;notes ral\u00b7li&#8221;"},"content":{"rendered":"<p style=\"text-align: justify;\" align=\"LEFT\"><strong>Descripci\u00f3<\/strong>: De cot\u00f3, bona qualitat, m\u00e0niga curta.<\/p>\n<p style=\"text-align: justify;\" align=\"LEFT\"><strong>Colors<\/strong>: Blanc<\/p>\n<p style=\"text-align: justify;\" align=\"LEFT\"><strong>Logotips<\/strong>: Estampat amb &#8220;Notes ral\u00b7li&#8221;, <i>a<\/i>l frontal. Logo MCS&gt;&gt; estampat d&#8217;alta densitat, al lateral<\/p>\n<div style=\"text-align: justify;\" align=\"LEFT\"><strong>Talles<\/strong>: Unisex: XS &#8211; S &#8211; M &#8211; L &#8211; XL &#8211; XXL (a escollir del desplegable)<\/div>\n","protected":false},"excerpt":{"rendered":"<p>Descripci\u00f3: De cot\u00f3, bona qualitat, m\u00e0niga curta. Colors: Blanc Logotips: Estampat amb &#8220;Notes ral\u00b7li&#8221;, al frontal. Logo MCS&gt;&gt; estampat d&#8217;alta densitat, al lateral Talles: Unisex: XS &#8211; S&#8230;<\/p>\n","protected":false},"featured_media":4944,"template":"","meta":[],"product_brand":[],"product_cat":[16],"product_tag":[],"class_list":{"0":"post-4970","1":"product","2":"type-product","3":"status-publish","4":"has-post-thumbnail","6":"product_cat-samarretes","7":"pa_talles-talla-l","8":"pa_talles-talla-m","9":"pa_talles-talla-s","10":"pa_talles-talla-xl","11":"pa_talles-talla-xs","12":"pa_talles-talla-xxl","14":"first","15":"instock","16":"shipping-taxable","17":"purchasable","18":"product-type-variable"},"_links":{"self":[{"href":"http:\/\/www.motorclubsabadell.com\/index.php\/wp-json\/wp\/v2\/product\/4970","targetHints":{"allow":["GET"]}}],"collection":[{"href":"http:\/\/www.motorclubsabadell.com\/index.php\/wp-json\/wp\/v2\/product"}],"about":[{"href":"http:\/\/www.motorclubsabadell.com\/index.php\/wp-json\/wp\/v2\/types\/product"}],"wp:featuredmedia":[{"embeddable":true,"href":"http:\/\/www.motorclubsabadell.com\/index.php\/wp-json\/wp\/v2\/media\/4944"}],"wp:attachment":[{"href":"http:\/\/www.motorclubsabadell.com\/index.php\/wp-json\/wp\/v2\/media?parent=4970"}],"wp:term":[{"taxonomy":"product_brand","embeddable":true,"href":"http:\/\/www.motorclubsabadell.com\/index.php\/wp-json\/wp\/v2\/product_brand?post=4970"},{"taxonomy":"product_cat","embeddable":true,"href":"http:\/\/www.motorclubsabadell.com\/index.php\/wp-json\/wp\/v2\/product_cat?post=4970"},{"taxonomy":"product_tag","embeddable":true,"href":"http:\/\/www.motorclubsabadell.com\/index.php\/wp-json\/wp\/v2\/product_tag?post=4970"}],"curies":[{"name":"wp","href":"https:\/\/api.w.org\/{rel}","templated":true}]}}