{"id":355,"date":"2016-09-28T11:13:32","date_gmt":"2016-09-28T10:13:32","guid":{"rendered":"http:\/\/www.motorclubsabadell.com\/index.php\/producte\/samarreta-elevate\/"},"modified":"2023-04-18T11:48:41","modified_gmt":"2023-04-18T09:48:41","slug":"samarreta-de-coto","status":"publish","type":"product","link":"http:\/\/www.motorclubsabadell.com\/index.php\/producte\/samarreta-de-coto\/","title":{"rendered":"Samarreta de cot\u00f3 negre MCS"},"content":{"rendered":"<p style=\"text-align: justify;\" align=\"LEFT\"><strong>Descripci\u00f3<\/strong>: De cot\u00f3, bona qualitat, m\u00e0niga curta.<\/p>\n<p style=\"text-align: justify;\" align=\"LEFT\"><strong>Colors<\/strong>: Negre<\/p>\n<p style=\"text-align: justify;\" align=\"LEFT\"><strong>Logotips<\/strong>: Logotip <em><span style=\"color: #000000;\"><strong>mcs&gt;&gt;<\/strong><\/span> Brodat de bona densitat. A<\/em>l frontal i a l&#8217;esquena.<\/p>\n<div style=\"text-align: justify;\" align=\"LEFT\"><strong>Talles<\/strong>: Unisex: XS &#8211; S &#8211; M &#8211; L &#8211; XL &#8211; XXL (a escollir del desplegable)<\/div>\n","protected":false},"excerpt":{"rendered":"<p>Descripci\u00f3: De cot\u00f3, bona qualitat, m\u00e0niga curta. Colors: Negre Logotips: Logotip mcs&gt;&gt; Brodat de bona densitat. Al frontal i a l&#8217;esquena. Talles: Unisex: XS &#8211; S &#8211; M&#8230;<\/p>\n","protected":false},"featured_media":4930,"template":"","meta":[],"product_brand":[],"product_cat":[16],"product_tag":[],"class_list":{"0":"post-355","1":"product","2":"type-product","3":"status-publish","4":"has-post-thumbnail","6":"product_cat-samarretes","7":"pa_talles-talla-l","8":"pa_talles-talla-m","9":"pa_talles-talla-s","10":"pa_talles-talla-xl","11":"pa_talles-talla-xs","12":"pa_talles-talla-xxl","14":"first","15":"instock","16":"shipping-taxable","17":"purchasable","18":"product-type-variable"},"_links":{"self":[{"href":"http:\/\/www.motorclubsabadell.com\/index.php\/wp-json\/wp\/v2\/product\/355","targetHints":{"allow":["GET"]}}],"collection":[{"href":"http:\/\/www.motorclubsabadell.com\/index.php\/wp-json\/wp\/v2\/product"}],"about":[{"href":"http:\/\/www.motorclubsabadell.com\/index.php\/wp-json\/wp\/v2\/types\/product"}],"wp:featuredmedia":[{"embeddable":true,"href":"http:\/\/www.motorclubsabadell.com\/index.php\/wp-json\/wp\/v2\/media\/4930"}],"wp:attachment":[{"href":"http:\/\/www.motorclubsabadell.com\/index.php\/wp-json\/wp\/v2\/media?parent=355"}],"wp:term":[{"taxonomy":"product_brand","embeddable":true,"href":"http:\/\/www.motorclubsabadell.com\/index.php\/wp-json\/wp\/v2\/product_brand?post=355"},{"taxonomy":"product_cat","embeddable":true,"href":"http:\/\/www.motorclubsabadell.com\/index.php\/wp-json\/wp\/v2\/product_cat?post=355"},{"taxonomy":"product_tag","embeddable":true,"href":"http:\/\/www.motorclubsabadell.com\/index.php\/wp-json\/wp\/v2\/product_tag?post=355"}],"curies":[{"name":"wp","href":"https:\/\/api.w.org\/{rel}","templated":true}]}}