{"id":4887,"date":"2023-03-22T15:46:11","date_gmt":"2023-03-22T14:46:11","guid":{"rendered":"http:\/\/www.motorclubsabadell.com\/?page_id=4887"},"modified":"2023-03-22T15:51:47","modified_gmt":"2023-03-22T14:51:47","slug":"24e-ralli-de-la-llana-ripolles-trofeu-autosi-hotels","status":"publish","type":"page","link":"http:\/\/www.motorclubsabadell.com\/index.php\/24e-ralli-de-la-llana-ripolles-trofeu-autosi-hotels\/","title":{"rendered":"24\u00e8 Ral\u00b7li de la Llana Ripoll\u00e8s &#8211; Trofeu AUTOSI &#8211; Hotels"},"content":{"rendered":"<div>\n<table id=\"table1\" style=\"height: 112px; width: 98%;\" width=\"98%\" cellspacing=\"0\" cellpadding=\"0\">\n<tbody>\n<tr style=\"height: 112px;\">\n<td style=\"width: 1.31%; height: 112px;\" align=\"center\" height=\"130\"><\/td>\n<td style=\"width: 14.67%; height: 112px; text-align: center; vertical-align: middle; border-bottom-color: #808080; border-right-width: 0px; border-bottom-width: 0px; border-left-width: 0px; border-bottom-style: solid; border-left-style: solid;\" align=\"center\" width=\"15%\" height=\"130\">\n<p style=\"margin-top: 0; margin-bottom: 0;\"><a title=\"AutoSI, els millors vehicles d'ocasi\u00f3 ...\" href=\"http:\/\/www.autosi.es\/inicio\" target=\"_blank\" rel=\"noopener noreferrer\"><br \/>\n<img decoding=\"async\" alt=\"Autosi_web\"  src=\"http:\/\/www.motorclubsabadell.com\/wp-content\/uploads\/2017\/03\/Autosi_web.png\" align=\"right\" border=\"0\" \/><\/a><\/p>\n<\/td>\n<td style=\"width: 15.23%; height: 112px; text-align: center; vertical-align: middle; border-bottom-color: #808080; border-right-width: 0px; border-bottom-width: 0px; border-left-width: 0px; border-bottom-style: solid; border-left-style: solid;\" align=\"center\" width=\"15%\" height=\"130\">\n<p style=\"margin-top: 0; margin-bottom: 0;\"><a title=\"Difisa Racing - Venda i preparaci\u00f3 Abarth !!\" href=\"http:\/\/www.difisaracing.com\/\" target=\"_blank\" rel=\"noopener noreferrer\"><br \/>\n<img decoding=\"async\" alt=\"Difisa_web\"  src=\"http:\/\/www.motorclubsabadell.com\/wp-content\/uploads\/2017\/03\/Difisa_web.png\" align=\"right\" border=\"0\" \/><\/a><\/p>\n<\/td>\n<td style=\"width: 9.00%; height: 112px; text-align: center; vertical-align: middle; border-bottom-color: #808080; border-right-width: 0px; border-bottom-width: 0px; border-left-width: 0px; border-bottom-style: solid; border-left-style: solid;\" align=\"center\" width=\"9%\" height=\"140\">\n<p style=\"margin-top: 0; margin-bottom: 0;\"><a title=\"Ajuntament de Ripoll\" href=\"https:\/\/ripoll.cat\/\" target=\"_blank\" rel=\"noopener noreferrer\"><br \/>\n<img decoding=\"async\" alt=\"Escut_Ripoll_nom_web\"  src=\"http:\/\/www.motorclubsabadell.com\/Documents\/2021_Llana\/Logos\/Escut_Ripoll_nom_web.png\" align=\"right\" border=\"0\" \/><\/a><\/p>\n<\/td>\n<td style=\"width: 22.00%; height: 112px; text-align: center; vertical-align: middle; border-bottom: 0px solid #808080; border-left: 0px solid #808080; border-right-width: 0px;\" align=\"center\" width=\"22%\" height=\"130\">\n<p style=\"margin-top: 0; margin-bottom: 0;\"><u><img loading=\"lazy\" decoding=\"async\" class=\"aligncenter\" src=\"http:\/\/www.motorclubsabadell.com\/Documents\/2023_Llana\/Placa_Llana_2023_200px.jpg\" alt=\"Placa 2022\" width=\"200\" height=\"102\" align=\"middle\" \/><\/u><\/p>\n<\/td>\n<td style=\"width: 9.00%; height: 112px; text-align: center; vertical-align: middle; border-right-width: 1px; border-bottom-width: 0px;\" width=\"9%\" height=\"130\">\n<p style=\"margin-top: 0; margin-bottom: 0;\"><a title=\"Consell Comarcal del Ripoll\u00e9s\" href=\"https:\/\/ripolles.cat\/\" target=\"_blank\" rel=\"noopener noreferrer\"><br \/>\n<img decoding=\"async\" alt=\"Logo_Consell_web\"  src=\"http:\/\/www.motorclubsabadell.com\/Documents\/2021_Llana\/Logos\/Logo_Consell_web.png\" border=\"0\" \/><\/a><\/p>\n<\/td>\n<td style=\"width: 12.0068%; height: 112px; text-align: center; vertical-align: middle; border-right-width: 1px; border-bottom-width: 0px;\" width=\"11%\" height=\"130\">\n<p style=\"margin-top: 0; margin-bottom: 0;\"><a title=\"Urp\u00ed Sport - Reparaci\u00f3 i preparaci\u00f3 de Porsche de carrer i de competici\u00f3\" href=\"http:\/\/www.urpisport.cat\/\" target=\"_blank\" rel=\"noopener noreferrer\"><br \/>\n<img loading=\"lazy\" decoding=\"async\" alt=\"Urpi_sport_web\"  class=\"\" src=\"http:\/\/www.motorclubsabadell.com\/wp-content\/uploads\/2017\/03\/Urpi_sport_web.png\" width=\"111\" height=\"46\" border=\"0\" \/><\/a><\/p>\n<\/td>\n<td style=\"width: 13.5026%; height: 112px; text-align: center; vertical-align: middle; border-right-width: 1px; border-bottom-width: 0px;\" width=\"13%\" height=\"130\">\n<p style=\"margin-top: 0; margin-bottom: 0;\"><a title=\"HILDEGAR L\u00e0ser - El millor servei amb la millor qualitat en tall de peces met\u00e0l\u00b7liques per l\u00e0ser\" href=\"http:\/\/hidegar.com\/ca\/\" target=\"_blank\" rel=\"noopener noreferrer\"><br \/>\n<\/a><a href=\"https:\/\/sphericlaser.com\/\" target=\"_blank\" rel=\"noopener noreferrer\"><img loading=\"lazy\" decoding=\"async\" class=\"alignnone\" src=\"http:\/\/www.motorclubsabadell.com\/Documents\/2020_Llana\/Logos\/Logo_Spheric_web_2.png\" alt=\"\" width=\"127\" height=\"70\" border=\"0\" \/><\/a><\/p>\n<\/td>\n<td style=\"width: 1%; height: 112px;\" align=\"center\" height=\"130\"><\/td>\n<\/tr>\n<\/tbody>\n<\/table>\n<\/div>\n<div>\n<table id=\"table16\" style=\"text-align: center; margin-top: 0; margin-bottom: 0;\" width=\"98%\" cellspacing=\"0\" cellpadding=\"0\">\n<tbody>\n<tr>\n<td style=\"width: 34%; border: 1px solid #C0C0C0;\" align=\"center\" bgcolor=\"#f4f4f4\" height=\"25\">\n<p style=\"margin-top: 3px; margin-bottom: 0;\" align=\"center\"><span style=\"font-size: 12pt;\">XXIII Ral\u00b7li de la Llana Ripoll\u00e9s &#8211; Trofeu AUTOSI &#8211; HOTELS, preu especial &#8220;Ral\u00b7li&#8221;<br \/>\n<\/span><\/p>\n<\/td>\n<\/tr>\n<\/tbody>\n<\/table>\n<\/div>\n<div>\n<table id=\"table1\" style=\"width: 100.041%; height: 181px;\" width=\"99.96%\" cellspacing=\"0\" cellpadding=\"0\">\n<tbody>\n<tr style=\"height: 10px;\">\n<td style=\"width: 1.05553%; height: 10px;\"><\/td>\n<td style=\"width: 30.8586%; height: 10px;\"><\/td>\n<td style=\"width: 33.7264%; height: 10px;\"><\/td>\n<td style=\"width: 1.11%; height: 10px;\"><\/td>\n<\/tr>\n<tr style=\"height: 25px;\">\n<td style=\"width: 1.05553%; height: 24px;\"><\/td>\n<td style=\"width: 30.8586%; height: 24px;\"><\/td>\n<td style=\"width: 33.7264%; height: 24px;\"><\/td>\n<td style=\"width: 1.11%; height: 24px;\"><\/td>\n<\/tr>\n<tr style=\"height: 24px;\">\n<td style=\"width: 1.05553%; height: 24px;\"><\/td>\n<td style=\"width: 30.8586%; height: 24px;\"><strong>La Trobada Hotel Boutique<\/strong>, hotel col\u00b7laborador<\/td>\n<td style=\"width: 33.7264%; height: 24px;\"><strong>La Solana del Ter Hotel<\/strong>, hotel col\u00b7laborador<\/td>\n<td style=\"width: 1.11%; height: 24px;\"><\/td>\n<\/tr>\n<tr style=\"height: 25px;\">\n<td style=\"width: 1.05553%; height: 30px; text-align: center;\"><\/td>\n<td style=\"height: 30px; width: 30.8586%; text-align: center;\"><a href=\"https:\/\/latrobadahotel.com\/\" target=\"_blank\" rel=\"noopener noreferrer\"><img loading=\"lazy\" decoding=\"async\" class=\"alignnone\" src=\"http:\/\/www.motorclubsabadell.com\/Documents\/2022_Llana\/Hotel_La_Trobada.png\" alt=\"\" width=\"324\" height=\"180\" border=\"0\" \/><\/a><\/td>\n<td style=\"width: 33.7264%; text-align: center; height: 30px;\"><a href=\"https:\/\/www.solanadelter.com\/\" target=\"_blank\" rel=\"noopener noreferrer\"><img loading=\"lazy\" decoding=\"async\" class=\"alignnone\" src=\"http:\/\/www.motorclubsabadell.com\/Documents\/2022_Llana\/Solana_Ter.jpg\" alt=\"\" width=\"362\" height=\"180\" border=\"0\" \/><\/a><\/td>\n<td style=\"width: 1.11%; height: 30px; text-align: center;\"><\/td>\n<\/tr>\n<tr style=\"height: 24px;\">\n<td style=\"width: 1.05553%; height: 24px;\"><\/td>\n<td style=\"width: 30.8586%; height: 24px;\"><\/td>\n<td style=\"width: 33.7264%; height: 24px;\"><\/td>\n<td style=\"width: 1.11%; height: 24px;\"><\/td>\n<\/tr>\n<tr style=\"height: 23px;\">\n<td style=\"width: 1.05553%; height: 23px;\"><\/td>\n<td style=\"width: 30.8586%; height: 23px;\">\u00bb Reserves al web de <a href=\"https:\/\/latrobadahotel.com\/reservar-hotel-en-ripoll\/\" target=\"_blank\" rel=\"noopener\">La Trobada<\/a> amb el<br \/>\ncodi de descompte &#8220;RAL\u00b7LILLANA2022&#8221;<\/td>\n<td style=\"width: 33.7264%; height: 23px;\">\u00bb Reserves a <a href=\"https:\/\/solanadelter.open-room.com\/Search\/WidgetStack?portal=113&amp;lang=1&amp;id=249\" target=\"_blank\" rel=\"noopener\">La Solana del Ter<\/a>, dient que &#8220;sou del ral\u00b7li&#8221;<\/td>\n<td style=\"width: 1.11%; height: 23px;\"><\/td>\n<\/tr>\n<tr style=\"height: 23px;\">\n<td style=\"width: 1.05553%; height: 23px;\"><\/td>\n<td style=\"width: 30.8586%; height: 23px;\"><\/td>\n<td style=\"width: 33.7264%; height: 23px;\"><\/td>\n<td style=\"width: 1.11%; height: 23px;\"><\/td>\n<\/tr>\n<tr style=\"height: 23px;\">\n<td style=\"width: 1.05553%; height: 23px;\"><\/td>\n<td style=\"width: 30.8586%; height: 23px;\"><\/td>\n<td style=\"width: 33.7264%; height: 23px;\"><\/td>\n<td style=\"width: 1.11%; height: 23px;\"><\/td>\n<\/tr>\n<\/tbody>\n<\/table>\n<\/div>\n<div>\n<hr \/>\n<\/div>\n","protected":false},"excerpt":{"rendered":"<p>XXIII Ral\u00b7li de la Llana Ripoll\u00e9s &#8211; Trofeu AUTOSI &#8211; HOTELS, preu especial &#8220;Ral\u00b7li&#8221; La Trobada Hotel Boutique, hotel col\u00b7laborador La Solana del Ter Hotel, hotel col\u00b7laborador \u00bb&#8230;<\/p>\n","protected":false},"author":1,"featured_media":0,"parent":0,"menu_order":0,"comment_status":"closed","ping_status":"closed","template":"","meta":{"footnotes":""},"class_list":["post-4887","page","type-page","status-publish","hentry"],"_links":{"self":[{"href":"http:\/\/www.motorclubsabadell.com\/index.php\/wp-json\/wp\/v2\/pages\/4887","targetHints":{"allow":["GET"]}}],"collection":[{"href":"http:\/\/www.motorclubsabadell.com\/index.php\/wp-json\/wp\/v2\/pages"}],"about":[{"href":"http:\/\/www.motorclubsabadell.com\/index.php\/wp-json\/wp\/v2\/types\/page"}],"author":[{"embeddable":true,"href":"http:\/\/www.motorclubsabadell.com\/index.php\/wp-json\/wp\/v2\/users\/1"}],"replies":[{"embeddable":true,"href":"http:\/\/www.motorclubsabadell.com\/index.php\/wp-json\/wp\/v2\/comments?post=4887"}],"version-history":[{"count":5,"href":"http:\/\/www.motorclubsabadell.com\/index.php\/wp-json\/wp\/v2\/pages\/4887\/revisions"}],"predecessor-version":[{"id":4893,"href":"http:\/\/www.motorclubsabadell.com\/index.php\/wp-json\/wp\/v2\/pages\/4887\/revisions\/4893"}],"wp:attachment":[{"href":"http:\/\/www.motorclubsabadell.com\/index.php\/wp-json\/wp\/v2\/media?parent=4887"}],"curies":[{"name":"wp","href":"https:\/\/api.w.org\/{rel}","templated":true}]}}