{"id":4154,"date":"2021-09-04T19:00:31","date_gmt":"2021-09-04T17:00:31","guid":{"rendered":"http:\/\/www.motorclubsabadell.com\/?page_id=4154"},"modified":"2021-09-11T21:05:31","modified_gmt":"2021-09-11T19:05:31","slug":"__trashed","status":"publish","type":"page","link":"http:\/\/www.motorclubsabadell.com\/index.php\/__trashed\/","title":{"rendered":"XXII Ral\u00b7li de la Llana Trofeu Autosi 2021 &#8211; COVID 19"},"content":{"rendered":"<div>\n<p>&nbsp;<\/p>\n<table id=\"table1\" style=\"height: 112px; width: 98%;\" width=\"98%\" cellspacing=\"0\" cellpadding=\"0\">\n<tbody>\n<tr style=\"height: 112px;\">\n<td style=\"width: 1.31%; height: 112px;\" align=\"center\" height=\"130\"><\/td>\n<td style=\"width: 14.67%; height: 112px; text-align: center; vertical-align: middle; border-bottom-color: #808080; border-right-width: 0px; border-bottom-width: 0px; border-left-width: 0px; border-bottom-style: solid; border-left-style: solid;\" align=\"center\" width=\"15%\" height=\"130\">\n<p style=\"margin-top: 0; margin-bottom: 0;\"><a title=\"AutoSI, els millors vehicles d'ocasi\u00f3 ...\" href=\"http:\/\/www.autosi.es\/inicio\" target=\"_blank\" rel=\"noopener noreferrer\"><br \/>\n<img decoding=\"async\" alt=\"Autosi_web\"  src=\"http:\/\/www.motorclubsabadell.com\/wp-content\/uploads\/2017\/03\/Autosi_web.png\" align=\"right\" border=\"0\" \/><\/a><\/p>\n<\/td>\n<td style=\"width: 15.23%; height: 112px; text-align: center; vertical-align: middle; border-bottom-color: #808080; border-right-width: 0px; border-bottom-width: 0px; border-left-width: 0px; border-bottom-style: solid; border-left-style: solid;\" align=\"center\" width=\"15%\" height=\"130\">\n<p style=\"margin-top: 0; margin-bottom: 0;\"><a title=\"Difisa Racing - Venda i preparaci\u00f3 Abarth !!\" href=\"http:\/\/www.difisaracing.com\/\" target=\"_blank\" rel=\"noopener noreferrer\"><br \/>\n<img decoding=\"async\" alt=\"Difisa_web\"  src=\"http:\/\/www.motorclubsabadell.com\/wp-content\/uploads\/2017\/03\/Difisa_web.png\" align=\"right\" border=\"0\" \/><\/a><\/p>\n<\/td>\n<td style=\"width: 9.00%; height: 112px; text-align: center; vertical-align: middle; border-bottom-color: #808080; border-right-width: 0px; border-bottom-width: 0px; border-left-width: 0px; border-bottom-style: solid; border-left-style: solid;\" align=\"center\" width=\"9%\" height=\"140\">\n<p style=\"margin-top: 0; margin-bottom: 0;\"><a title=\"Ajuntament de Ripoll\" href=\"https:\/\/ripoll.cat\/\" target=\"_blank\" rel=\"noopener noreferrer\"><br \/>\n<img decoding=\"async\" alt=\"Escut_Ripoll_nom_web\"  src=\"http:\/\/www.motorclubsabadell.com\/Documents\/2021_Llana\/Logos\/Escut_Ripoll_nom_web.png\" align=\"right\" border=\"0\" \/><\/a><\/p>\n<\/td>\n<td style=\"width: 22.00%; height: 112px; text-align: center; vertical-align: middle; border-bottom: 0px solid #808080; border-left: 0px solid #808080; border-right-width: 0px;\" align=\"center\" width=\"22%\" height=\"130\">\n<p style=\"margin-top: 0; margin-bottom: 0;\"><u><img loading=\"lazy\" decoding=\"async\" class=\"aligncenter\" src=\"http:\/\/www.motorclubsabadell.com\/Documents\/2021_Llana\/Placa_Llana_2021_200px.jpg\" alt=\"Placa 2021\" width=\"200\" height=\"100\" align=\"middle\" \/><\/u><\/p>\n<\/td>\n<td style=\"width: 9.00%; height: 112px; text-align: center; vertical-align: middle; border-right-width: 1px; border-bottom-width: 0px;\" width=\"9%\" height=\"130\">\n<p style=\"margin-top: 0; margin-bottom: 0;\"><a title=\"Consell Comarcal del Ripoll\u00e9s\" href=\"https:\/\/ripolles.cat\/\" target=\"_blank\" rel=\"noopener noreferrer\"><br \/>\n<img decoding=\"async\" alt=\"Logo_Consell_web\"  src=\"http:\/\/www.motorclubsabadell.com\/Documents\/2021_Llana\/Logos\/Logo_Consell_web.png\" border=\"0\" \/><\/a><\/p>\n<\/td>\n<td style=\"width: 12.0068%; height: 112px; text-align: center; vertical-align: middle; border-right-width: 1px; border-bottom-width: 0px;\" width=\"11%\" height=\"130\">\n<p style=\"margin-top: 0; margin-bottom: 0;\"><a title=\"Urp\u00ed Sport - Reparaci\u00f3 i preparaci\u00f3 de Porsche de carrer i de competici\u00f3\" href=\"http:\/\/www.urpisport.cat\/\" target=\"_blank\" rel=\"noopener noreferrer\"><br \/>\n<img decoding=\"async\" alt=\"Urpi_sport_web\"  src=\"http:\/\/www.motorclubsabadell.com\/wp-content\/uploads\/2017\/03\/Urpi_sport_web.png\" border=\"0\" \/><\/a><\/p>\n<\/td>\n<td style=\"width: 13.5026%; height: 112px; text-align: center; vertical-align: middle; border-right-width: 1px; border-bottom-width: 0px;\" width=\"13%\" height=\"130\">\n<p style=\"margin-top: 0; margin-bottom: 0;\"><a title=\"HILDEGAR L\u00e0ser - El millor servei amb la millor qualitat en tall de peces met\u00e0l\u00b7liques per l\u00e0ser\" href=\"http:\/\/hidegar.com\/ca\/\" target=\"_blank\" rel=\"noopener noreferrer\"><br \/>\n<img decoding=\"async\" alt=\"Hidegar_web\"  src=\"http:\/\/www.motorclubsabadell.com\/wp-content\/uploads\/2017\/03\/Hidegar_web.png\" border=\"0\" \/><\/a><\/p>\n<\/td>\n<td style=\"width: 1%; height: 112px;\" align=\"center\" height=\"130\"><\/td>\n<\/tr>\n<\/tbody>\n<\/table>\n<\/div>\n<div>\n<table id=\"table16\" style=\"text-align: center; margin-top: 0; margin-bottom: 0;\" width=\"98%\" cellspacing=\"0\" cellpadding=\"0\">\n<tbody>\n<tr>\n<td style=\"width: 34%; border: 1px solid #C0C0C0;\" align=\"center\" bgcolor=\"#f4f4f4\" height=\"25\">\n<p style=\"margin-top: 3px; margin-bottom: 0;\" align=\"center\"><span style=\"font-size: 12pt;\">XXII Ral\u00b7li de la Llana Trofeu AUTOSI\u00a0 &#8211;\u00a0 Premi &#8220;Ciutat de Ripoll&#8221;<br \/>\n<strong>Campionat de Catalunya de Ral\u00b7lis<\/strong><\/span><\/p>\n<p style=\"margin-top: 3px; margin-bottom: 0;\" align=\"center\"><span style=\"font-size: 12pt;\">18 de setembre de 2021<\/span><\/p>\n<\/td>\n<\/tr>\n<\/tbody>\n<\/table>\n<\/div>\n<div>\n<table id=\"table1\" style=\"height: 200px; width: 100.041%;\" cellspacing=\"0\" cellpadding=\"0\">\n<tbody>\n<tr style=\"height: 30px;\">\n<td style=\"width: 11.37%; height: 41px; text-align: right; vertical-align: top;\"><\/td>\n<td style=\"width: 77.8601%; height: 41px; vertical-align: top;\" colspan=\"2\">&nbsp;<\/p>\n<p style=\"text-align: justify;\">Covid-19:<\/p>\n<p style=\"text-align: justify;\">Des de fa mesos, <span style=\"text-decoration: underline;\">la pand\u00e8mia ha anat evolucionant<\/span> de moltes maneres, amb difer\u00e8ncies dep\u00e8n on o quan, i a millor, evidentment.<\/p>\n<p style=\"text-align: justify;\">El Protocol que va signar el MCS amb la FCA, i que dep\u00e8n de la Generalitat ha canviat poc des de fa mesos, en desconeixem el motiu per\u00f2 per tant, \u00e9s el que posem. Si \u00e9s la primera prova que correu durant l&#8217;any 2021, haureu d&#8217;omplir el &#8220;Formulari-fitxa-equipament-fca-2021&#8221; i enviar-nos-el (pilot i copilot).<br \/>\nA m\u00e9s el protocol inclou el &#8220;Full de declaraci\u00f3 risc Covid&#8221;, que tamb\u00e9 ens l&#8217;heu d&#8217;enviar (pilot i copilot), sigueu novells o no.<\/p>\n<p style=\"text-align: justify;\">&#8211;&gt; Formulari-fitxa-equipament-fca-2021 en Word 2007: Descarregueu-lo <a href=\"http:\/\/www.motorclubsabadell.com\/Documents\/2021_Llana\/Covid-19\/formulari-fitxa-equipament-fca-2021.docx\" target=\"_blank\" rel=\"noopener\">AQU\u00cd<\/a> &#8230;&#8230; i envieu-lo a <a href=\"mailto:mcs@motorclubsabadell.com\" target=\"_blank\" rel=\"noopener\">mcs@motorclubsabadell.com<\/a><br \/>\n&#8211;&gt; Full de declaraci\u00f3 risc Covid en Word 2007: Descarregueu-lo <a href=\"http:\/\/www.motorclubsabadell.com\/Documents\/2021_Llana\/Covid-19\/b1fdf-DECLARACIO-RISC-COVID_v2.docx\" target=\"_blank\" rel=\"noopener\">AQU\u00cd<\/a> &#8230;&#8230; i envieu-lo a <a href=\"mailto:mcs@motorclubsabadell.com\" target=\"_blank\" rel=\"noopener\">mcs@motorclubsabadell.com<\/a><\/p>\n<p style=\"text-align: justify;\">Gr\u00e0cies per col\u00b7laborar !!!<br \/>\n<strong>El Comit\u00e8 Organitzador<\/strong><\/p>\n<\/td>\n<td style=\"width: 10.6028%; height: 41px;\"><\/td>\n<\/tr>\n<\/tbody>\n<\/table>\n<\/div>\n","protected":false},"excerpt":{"rendered":"<p>&nbsp; XXII Ral\u00b7li de la Llana Trofeu AUTOSI\u00a0 &#8211;\u00a0 Premi &#8220;Ciutat de Ripoll&#8221; Campionat de Catalunya de Ral\u00b7lis 18 de setembre de 2021 &nbsp; Covid-19: Des de fa&#8230;<\/p>\n","protected":false},"author":1,"featured_media":0,"parent":0,"menu_order":0,"comment_status":"closed","ping_status":"closed","template":"","meta":{"footnotes":""},"class_list":["post-4154","page","type-page","status-publish","hentry"],"_links":{"self":[{"href":"http:\/\/www.motorclubsabadell.com\/index.php\/wp-json\/wp\/v2\/pages\/4154","targetHints":{"allow":["GET"]}}],"collection":[{"href":"http:\/\/www.motorclubsabadell.com\/index.php\/wp-json\/wp\/v2\/pages"}],"about":[{"href":"http:\/\/www.motorclubsabadell.com\/index.php\/wp-json\/wp\/v2\/types\/page"}],"author":[{"embeddable":true,"href":"http:\/\/www.motorclubsabadell.com\/index.php\/wp-json\/wp\/v2\/users\/1"}],"replies":[{"embeddable":true,"href":"http:\/\/www.motorclubsabadell.com\/index.php\/wp-json\/wp\/v2\/comments?post=4154"}],"version-history":[{"count":11,"href":"http:\/\/www.motorclubsabadell.com\/index.php\/wp-json\/wp\/v2\/pages\/4154\/revisions"}],"predecessor-version":[{"id":4189,"href":"http:\/\/www.motorclubsabadell.com\/index.php\/wp-json\/wp\/v2\/pages\/4154\/revisions\/4189"}],"wp:attachment":[{"href":"http:\/\/www.motorclubsabadell.com\/index.php\/wp-json\/wp\/v2\/media?parent=4154"}],"curies":[{"name":"wp","href":"https:\/\/api.w.org\/{rel}","templated":true}]}}